{"id":1270,"date":"2017-03-14T17:21:30","date_gmt":"2017-03-14T16:21:30","guid":{"rendered":"https:\/\/www.hotel-lerguillere.com\/?page_id=1270"},"modified":"2022-11-02T08:00:52","modified_gmt":"2022-11-02T07:00:52","slug":"charming-hotel-seafront-la-hague","status":"publish","type":"page","link":"https:\/\/www.hotel-lerguillere.com\/en\/charming-hotel-seafront-la-hague\/","title":{"rendered":"Around the hotel"},"content":{"rendered":"<p><div class=\"fusion-fullwidth fullwidth-box fusion-builder-row-1 nonhundred-percent-fullwidth non-hundred-percent-height-scrolling\" style=\"--awb-border-radius-top-left:0px;--awb-border-radius-top-right:0px;--awb-border-radius-bottom-right:0px;--awb-border-radius-bottom-left:0px;--awb-flex-wrap:wrap;\" ><div class=\"fusion-builder-row fusion-row\"><div class=\"fusion-layout-column fusion_builder_column fusion-builder-column-0 fusion_builder_column_1_1 1_1 fusion-one-full fusion-column-first fusion-column-last pix-l\" style=\"--awb-bg-size:cover;\"><div class=\"fusion-column-wrapper fusion-flex-column-wrapper-legacy\"><div class=\"fusion-column-content-centered\"><div class=\"fusion-column-content\"><div class=\"fusion-title title fusion-title-1 fusion-sep-none fusion-title-text fusion-title-size-one pix-titre\" style=\"--awb-margin-top-small:10px;--awb-margin-right-small:0px;--awb-margin-bottom-small:10px;--awb-margin-left-small:0px;\"><h1 class=\"fusion-title-heading title-heading-left fusion-responsive-typography-calculated\" style=\"margin:0;--fontSize:40;line-height:1.33;\"><h1>To be discovered around the hotel<\/h1><\/h1><\/div><div class=\"fusion-text fusion-text-1\"><p>Welcome to the <strong>Cotentin<\/strong> region, in a wild romantic landscape at the <strong>tip of La Hague<\/strong> for a stay combining rambling, horse riding, boat or car trips to discover the wind-beaten reefs, the famous sheer cliffs, the bays, creeks and gardens of the granite peninsula.<\/p>\n<p>Come and visit <strong>Jacques Pr\u00e9vert&#8217;s garden and house<\/strong>, the house of the painter Jean-Fran\u00e7ois Millet, the botanical garden of Vauville castle, the Nacqueville Castle and park or the <strong>Goury<\/strong> lifeboat station, just a short distance away from one of the strongest marine currents in Europe, the<strong> Alderney race<\/strong>.<\/p>\n<p>The five <strong>Channel Islands<\/strong>, Jersey, Guernsey, Herm, Sark and Alderney, also deserve a visit. Lastly, if you go to Cherbourg, do not miss the <strong>Cit\u00e9 de la Mer<\/strong>.<\/p>\n<p><strong>Rambling suggestions<\/strong><\/p>\n<p>Since every trip is a rare and unique moment of sharing, the L\u2019Erguill\u00e8re team will help you discover the treasures of La Hague and the north Cotentin region and will recommend some of the nicest hidden spots in the region.<\/p>\n<\/div><\/div><\/div><div class=\"fusion-clearfix\"><\/div><\/div><\/div><div class=\"fusion-layout-column fusion_builder_column fusion-builder-column-1 fusion_builder_column_1_1 1_1 fusion-one-full fusion-column-first fusion-column-last pix-alentours\" style=\"--awb-bg-size:cover;\"><div class=\"fusion-column-wrapper fusion-flex-column-wrapper-legacy\"><div class=\"fusion-column-content-centered\"><div class=\"fusion-column-content\"><div class=\"fusion-flip-boxes flip-boxes row fusion-columns-3 flip-effect-classic\"><div class=\"fusion-flip-box-wrapper fusion-column col-lg-4 col-md-4 col-sm-4\"><div class=\"fusion-flip-box flip-right fusion-animated\" tabindex=\"0\" data-animationType=\"fadeInLeft\" data-animationDuration=\"0.6\" data-animationOffset=\"top-into-view\"><div class=\"flip-box-inner-wrapper\"><div class=\"flip-box-front\" style=\"--awb-border-radius:4px;--awb-background-color-front:#f4f4f4;\"><div class=\"flip-box-front-inner\"><div class=\"flip-box-grafix flip-box-image\"><img decoding=\"async\" src=\"https:\/\/www.hotel-lerguillere.com\/wp-content\/uploads\/2016\/12\/guernesey.jpg\" width=\"400\" height=\"266.98\" alt=\"\" \/><\/div><h2 class=\"flip-box-heading without-text\">Guernsey<\/h2><\/div><\/div><div class=\"flip-box-back\" style=\"--awb-border-radius:4px;--awb-background-color-back:#f6f6f6;--awb-text-back-color:#000000;\"><div class=\"flip-box-back-inner\">\n<p><a href=\"http:\/\/www.visitguernsey.com\" target=\"_blank\" rel=\"noopener noreferrer\">www.visitguernsey.com<\/a><\/p>\n<\/div><\/div><\/div><\/div><\/div><div class=\"fusion-flip-box-wrapper fusion-column col-lg-4 col-md-4 col-sm-4\"><div class=\"fusion-flip-box flip-right fusion-animated\" tabindex=\"0\" data-animationType=\"fadeInLeft\" data-animationDuration=\"0.6\" data-animationOffset=\"top-into-view\"><div class=\"flip-box-inner-wrapper\"><div class=\"flip-box-front\" style=\"--awb-border-radius:4px;--awb-background-color-front:#f4f4f4;\"><div class=\"flip-box-front-inner\"><div class=\"flip-box-grafix flip-box-image\"><img decoding=\"async\" src=\"https:\/\/www.hotel-lerguillere.com\/wp-content\/uploads\/2016\/12\/sercq.jpg\" width=\"400\" height=\"266.98\" alt=\"\" \/><\/div><h2 class=\"flip-box-heading without-text\">Sark<\/h2><\/div><\/div><div class=\"flip-box-back\" style=\"--awb-border-radius:4px;--awb-background-color-back:#f6f6f6;--awb-text-back-color:#000000;\"><div class=\"flip-box-back-inner\">\n<p><a href=\"http:\/\/www.sark.co.uk\" target=\"_blank\" rel=\"noopener noreferrer\">www.sark.co.uk<\/a><\/p>\n<\/div><\/div><\/div><\/div><\/div><div class=\"fusion-flip-box-wrapper fusion-column col-lg-4 col-md-4 col-sm-4\"><div class=\"fusion-flip-box flip-right fusion-animated\" tabindex=\"0\" data-animationType=\"fadeInLeft\" data-animationDuration=\"0.6\" data-animationOffset=\"top-into-view\"><div class=\"flip-box-inner-wrapper\"><div class=\"flip-box-front\" style=\"--awb-border-radius:4px;--awb-background-color-front:#f4f4f4;\"><div class=\"flip-box-front-inner\"><div class=\"flip-box-grafix flip-box-image\"><img decoding=\"async\" src=\"https:\/\/www.hotel-lerguillere.com\/wp-content\/uploads\/2016\/12\/aurigny.jpg\" width=\"400\" height=\"266.67\" alt=\"\" \/><\/div><h2 class=\"flip-box-heading without-text\">Alderney<\/h2><\/div><\/div><div class=\"flip-box-back\" style=\"--awb-border-radius:4px;--awb-background-color-back:#f6f6f6;--awb-text-back-color:#000000;\"><div class=\"flip-box-back-inner\">\n<p><a href=\"http:\/\/www.visitalderney.com\/\" target=\"_blank\" rel=\"noopener noreferrer\">www.visitalderney.com<\/a><\/p>\n<\/div><\/div><\/div><\/div><\/div><\/div><div class=\"clearfix\"><\/div><div class=\"fusion-flip-boxes flip-boxes row fusion-columns-3 flip-effect-classic\"><div class=\"fusion-flip-box-wrapper fusion-column col-lg-4 col-md-4 col-sm-4\"><div class=\"fusion-flip-box flip-right fusion-animated\" tabindex=\"0\" data-animationType=\"fadeInLeft\" data-animationDuration=\"0.6\" data-animationOffset=\"top-into-view\"><div class=\"flip-box-inner-wrapper\"><div class=\"flip-box-front\" style=\"--awb-border-radius:4px;--awb-background-color-front:#f4f4f4;\"><div class=\"flip-box-front-inner\"><div class=\"flip-box-grafix flip-box-image\"><img decoding=\"async\" src=\"https:\/\/www.hotel-lerguillere.com\/wp-content\/uploads\/2016\/12\/jersey.jpg\" width=\"400\" height=\"266.98\" alt=\"\" \/><\/div><h2 class=\"flip-box-heading without-text\">Jersey<\/h2><\/div><\/div><div class=\"flip-box-back\" style=\"--awb-border-radius:4px;--awb-background-color-back:#f6f6f6;--awb-text-back-color:#000000;\"><div class=\"flip-box-back-inner\">\n<p><a href=\"https:\/\/www.jersey.com\" target=\"_blank\" rel=\"noopener noreferrer\">www.jersey.com<\/a><\/p>\n<\/div><\/div><\/div><\/div><\/div><div class=\"fusion-flip-box-wrapper fusion-column col-lg-4 col-md-4 col-sm-4\"><div class=\"fusion-flip-box flip-right fusion-animated\" tabindex=\"0\" data-animationType=\"fadeInLeft\" data-animationDuration=\"0.6\" data-animationOffset=\"top-into-view\"><div class=\"flip-box-inner-wrapper\"><div class=\"flip-box-front\" style=\"--awb-border-radius:4px;--awb-background-color-front:#f4f4f4;\"><div class=\"flip-box-front-inner\"><div class=\"flip-box-grafix flip-box-image\"><img decoding=\"async\" src=\"https:\/\/www.hotel-lerguillere.com\/wp-content\/uploads\/2016\/11\/Randonn\u00e9es.jpg\" width=\"400\" height=\"266.8\" alt=\"\" \/><\/div><h2 class=\"flip-box-heading without-text\">Rambling<\/h2><\/div><\/div><div class=\"flip-box-back\" style=\"--awb-border-radius:4px;--awb-background-color-back:#f6f6f6;--awb-text-back-color:#000000;\"><div class=\"flip-box-back-inner\">\n<p><a href=\"https:\/\/www.encotentin.fr\/aventure\/randonnees\" target=\"_blank\" rel=\"noopener noreferrer\">See more details<\/a><\/p>\n<\/div><\/div><\/div><\/div><\/div><div class=\"fusion-flip-box-wrapper fusion-column col-lg-4 col-md-4 col-sm-4\"><div class=\"fusion-flip-box flip-right fusion-animated\" tabindex=\"0\" data-animationType=\"fadeInLeft\" data-animationDuration=\"0.6\" data-animationOffset=\"top-into-view\"><div class=\"flip-box-inner-wrapper\"><div class=\"flip-box-front\" style=\"--awb-border-radius:4px;--awb-background-color-front:#f4f4f4;\"><div class=\"flip-box-front-inner\"><div class=\"flip-box-grafix flip-box-image\"><img decoding=\"async\" src=\"https:\/\/www.hotel-lerguillere.com\/wp-content\/uploads\/2016\/11\/cherbourg.jpg\" width=\"400\" height=\"266.67\" alt=\"\" \/><\/div><h2 class=\"flip-box-heading without-text\">Cherbourg<\/h2><\/div><\/div><div class=\"flip-box-back\" style=\"--awb-border-radius:4px;--awb-background-color-back:#f6f6f6;--awb-text-back-color:#000000;\"><div class=\"flip-box-back-inner\"><a href=\"http:\/\/www.cherbourgtourism.com\/cherbourg\" target=\"_blank\" rel=\"noopener noreferrer\">See more details<\/a><\/div><\/div><\/div><\/div><\/div><\/div><div class=\"clearfix\"><\/div><div class=\"fusion-flip-boxes flip-boxes row fusion-columns-3 flip-effect-classic\"><div class=\"fusion-flip-box-wrapper fusion-column col-lg-4 col-md-4 col-sm-4\"><div class=\"fusion-flip-box flip-right fusion-animated\" tabindex=\"0\" data-animationType=\"fadeInLeft\" data-animationDuration=\"0.6\" data-animationOffset=\"top-into-view\"><div class=\"flip-box-inner-wrapper\"><div class=\"flip-box-front\" style=\"--awb-border-radius:4px;--awb-background-color-front:#f4f4f4;\"><div class=\"flip-box-front-inner\"><div class=\"flip-box-grafix flip-box-image\"><img decoding=\"async\" src=\"https:\/\/www.hotel-lerguillere.com\/wp-content\/uploads\/2016\/12\/Affiche-Cit\u00e9-de-la-mer-Cherbourg.jpg\" width=\"400\" height=\"266.8\" alt=\"\" \/><\/div><h2 class=\"flip-box-heading without-text\">Cit\u00e9 de la Mer<\/h2><\/div><\/div><div class=\"flip-box-back\" style=\"--awb-border-radius:4px;--awb-background-color-back:#f6f6f6;--awb-text-back-color:#000000;\"><div class=\"flip-box-back-inner\">\n<p><a href=\"http:\/\/www.citedelamer.com\/en\/\" target=\"_blank\" rel=\"noopener noreferrer\">www.citedelamer.com<\/a><\/p>\n<\/div><\/div><\/div><\/div><\/div><div class=\"fusion-flip-box-wrapper fusion-column col-lg-4 col-md-4 col-sm-4\"><div class=\"fusion-flip-box flip-right fusion-animated\" tabindex=\"0\" data-animationType=\"fadeInLeft\" data-animationDuration=\"0.6\" data-animationOffset=\"top-into-view\"><div class=\"flip-box-inner-wrapper\"><div class=\"flip-box-front\" style=\"--awb-border-radius:4px;--awb-background-color-front:#f4f4f4;\"><div class=\"flip-box-front-inner\"><div class=\"flip-box-grafix flip-box-image\"><img decoding=\"async\" src=\"https:\/\/www.hotel-lerguillere.com\/wp-content\/uploads\/2016\/11\/val-de-saire-barfleur.jpg\" width=\"400\" height=\"266.41\" alt=\"\" \/><\/div><h2 class=\"flip-box-heading without-text\">Val de Saire<\/h2><\/div><\/div><div class=\"flip-box-back\" style=\"--awb-border-radius:4px;--awb-background-color-back:#f6f6f6;--awb-text-back-color:#000000;\"><div class=\"flip-box-back-inner\">\n<p><a href=\"https:\/\/www.encotentin.fr\/territoires\/val-de-saire\" target=\"_blank\" rel=\"noopener noreferrer\">see more details<\/a><\/p>\n<\/div><\/div><\/div><\/div><\/div><div class=\"fusion-flip-box-wrapper fusion-column col-lg-4 col-md-4 col-sm-4\"><div class=\"fusion-flip-box flip-right fusion-animated\" tabindex=\"0\" data-animationType=\"fadeInLeft\" data-animationDuration=\"0.6\" data-animationOffset=\"top-into-view\"><div class=\"flip-box-inner-wrapper\"><div class=\"flip-box-front\" style=\"--awb-border-radius:4px;--awb-background-color-front:#f4f4f4;\"><div class=\"flip-box-front-inner\"><div class=\"flip-box-grafix flip-box-image\"><img decoding=\"async\" src=\"https:\/\/www.hotel-lerguillere.com\/wp-content\/uploads\/2016\/12\/maison-prevert-1.jpg\" width=\"400\" height=\"266.2\" alt=\"\" \/><\/div><h2 class=\"flip-box-heading without-text\">Pr\u00e9vert's house &amp; garden<\/h2><\/div><\/div><div class=\"flip-box-back\" style=\"--awb-border-radius:4px;--awb-background-color-back:#f6f6f6;--awb-text-back-color:#000000;\"><div class=\"flip-box-back-inner\">\n<p><a href=\"https:\/\/www.encotentin.fr\/patrimoine-culturel\/maison-jacques-prevert\/\" target=\"_blank\" rel=\"noopener noreferrer\">See more details<\/a><\/p>\n<\/div><\/div><\/div><\/div><\/div><\/div><div class=\"clearfix\"><\/div><\/div><\/div><div class=\"fusion-clearfix\"><\/div><\/div><\/div><\/div><\/div><div class=\"fusion-fullwidth fullwidth-box fusion-builder-row-2 fusion-parallax-none nonhundred-percent-fullwidth non-hundred-percent-height-scrolling pix-bandeauphoto-bottom\" style=\"--awb-border-sizes-top:0px;--awb-border-sizes-bottom:0px;--awb-border-sizes-left:0px;--awb-border-sizes-right:0px;--awb-border-color:transparent;--awb-border-radius-top-left:0px;--awb-border-radius-top-right:0px;--awb-border-radius-bottom-right:0px;--awb-border-radius-bottom-left:0px;--awb-padding-top:110px;--awb-padding-bottom:110px;--awb-background-image:url(&quot;https:\/\/www.hotel-lerguillere.com\/wp-content\/uploads\/2015\/02\/alentours.jpg&quot;);--awb-background-size:cover;--awb-flex-wrap:wrap;\" ><div class=\"fusion-builder-row fusion-row\"><div class=\"fusion-layout-column fusion_builder_column fusion-builder-column-2 fusion_builder_column_1_1 1_1 fusion-one-full fusion-column-first fusion-column-last fusion-column-no-min-height\" style=\"--awb-bg-size:cover;--awb-margin-bottom:0px;\"><div class=\"fusion-column-wrapper fusion-flex-column-wrapper-legacy\"><div class=\"fusion-text fusion-text-2\"><h4><span style=\"color: #ffffff; font-size: 30px; letter-spacing: 2px; font-style: italic;\">&#8220;The Cotentin: Top destination for discovery, mystery and evasion&#8221;<\/span><\/h4>\n<\/div><div class=\"fusion-clearfix\"><\/div><\/div><\/div><\/div><\/div><\/p>\n","protected":false},"excerpt":{"rendered":"","protected":false},"author":1,"featured_media":0,"parent":0,"menu_order":5,"comment_status":"closed","ping_status":"closed","template":"100-width.php","meta":{"footnotes":""},"class_list":["post-1270","page","type-page","status-publish","hentry"],"yoast_head":"<!-- This site is optimized with the Yoast SEO plugin v27.5 - https:\/\/yoast.com\/product\/yoast-seo-wordpress\/ -->\n<title>3-start charming Hotel L&#039;Erguill\u00e8re - a privileged location in La Hague<\/title>\n<meta name=\"description\" content=\"At the tip of La Hague, discover the charming Hotel L&#039;Erguill\u00e8re in the Cotentin region close to the rambling trails and tourist sites\" \/>\n<meta name=\"robots\" content=\"index, follow, max-snippet:-1, max-image-preview:large, max-video-preview:-1\" \/>\n<link rel=\"canonical\" href=\"https:\/\/www.hotel-lerguillere.com\/en\/charming-hotel-seafront-la-hague\/\" \/>\n<meta property=\"og:locale\" content=\"en_US\" \/>\n<meta property=\"og:type\" content=\"article\" \/>\n<meta property=\"og:title\" content=\"3-start charming Hotel L&#039;Erguill\u00e8re - a privileged location in La Hague\" \/>\n<meta property=\"og:description\" content=\"At the tip of La Hague, discover the charming Hotel L&#039;Erguill\u00e8re in the Cotentin region close to the rambling trails and tourist sites\" \/>\n<meta property=\"og:url\" content=\"https:\/\/www.hotel-lerguillere.com\/en\/charming-hotel-seafront-la-hague\/\" \/>\n<meta property=\"og:site_name\" content=\"H\u00f4tel L&#039;Erguill\u00e8re\" \/>\n<meta property=\"article:modified_time\" content=\"2022-11-02T07:00:52+00:00\" \/>\n<meta name=\"twitter:card\" content=\"summary_large_image\" \/>\n<meta name=\"twitter:label1\" content=\"Est. reading time\" \/>\n\t<meta name=\"twitter:data1\" content=\"4 minutes\" \/>\n<script type=\"application\/ld+json\" class=\"yoast-schema-graph\">{\"@context\":\"https:\\\/\\\/schema.org\",\"@graph\":[{\"@type\":\"WebPage\",\"@id\":\"https:\\\/\\\/www.hotel-lerguillere.com\\\/en\\\/charming-hotel-seafront-la-hague\\\/\",\"url\":\"https:\\\/\\\/www.hotel-lerguillere.com\\\/en\\\/charming-hotel-seafront-la-hague\\\/\",\"name\":\"3-start charming Hotel L'Erguill\u00e8re - a privileged location in La Hague\",\"isPartOf\":{\"@id\":\"https:\\\/\\\/www.hotel-lerguillere.com\\\/#website\"},\"datePublished\":\"2017-03-14T16:21:30+00:00\",\"dateModified\":\"2022-11-02T07:00:52+00:00\",\"description\":\"At the tip of La Hague, discover the charming Hotel L'Erguill\u00e8re in the Cotentin region close to the rambling trails and tourist sites\",\"breadcrumb\":{\"@id\":\"https:\\\/\\\/www.hotel-lerguillere.com\\\/en\\\/charming-hotel-seafront-la-hague\\\/#breadcrumb\"},\"inLanguage\":\"en-US\",\"potentialAction\":[{\"@type\":\"ReadAction\",\"target\":[\"https:\\\/\\\/www.hotel-lerguillere.com\\\/en\\\/charming-hotel-seafront-la-hague\\\/\"]}]},{\"@type\":\"BreadcrumbList\",\"@id\":\"https:\\\/\\\/www.hotel-lerguillere.com\\\/en\\\/charming-hotel-seafront-la-hague\\\/#breadcrumb\",\"itemListElement\":[{\"@type\":\"ListItem\",\"position\":1,\"name\":\"Accueil\",\"item\":\"https:\\\/\\\/www.hotel-lerguillere.com\\\/en\\\/\"},{\"@type\":\"ListItem\",\"position\":2,\"name\":\"Around the hotel\"}]},{\"@type\":\"WebSite\",\"@id\":\"https:\\\/\\\/www.hotel-lerguillere.com\\\/#website\",\"url\":\"https:\\\/\\\/www.hotel-lerguillere.com\\\/\",\"name\":\"H\u00f4tel L&#039;Erguill\u00e8re\",\"description\":\"H\u00f4tel, Bar et Salon de th\u00e9 dans le Cotentin\",\"potentialAction\":[{\"@type\":\"SearchAction\",\"target\":{\"@type\":\"EntryPoint\",\"urlTemplate\":\"https:\\\/\\\/www.hotel-lerguillere.com\\\/?s={search_term_string}\"},\"query-input\":{\"@type\":\"PropertyValueSpecification\",\"valueRequired\":true,\"valueName\":\"search_term_string\"}}],\"inLanguage\":\"en-US\"}]}<\/script>\n<!-- \/ Yoast SEO plugin. -->","yoast_head_json":{"title":"3-start charming Hotel L'Erguill\u00e8re - a privileged location in La Hague","description":"At the tip of La Hague, discover the charming Hotel L'Erguill\u00e8re in the Cotentin region close to the rambling trails and tourist sites","robots":{"index":"index","follow":"follow","max-snippet":"max-snippet:-1","max-image-preview":"max-image-preview:large","max-video-preview":"max-video-preview:-1"},"canonical":"https:\/\/www.hotel-lerguillere.com\/en\/charming-hotel-seafront-la-hague\/","og_locale":"en_US","og_type":"article","og_title":"3-start charming Hotel L'Erguill\u00e8re - a privileged location in La Hague","og_description":"At the tip of La Hague, discover the charming Hotel L'Erguill\u00e8re in the Cotentin region close to the rambling trails and tourist sites","og_url":"https:\/\/www.hotel-lerguillere.com\/en\/charming-hotel-seafront-la-hague\/","og_site_name":"H\u00f4tel L&#039;Erguill\u00e8re","article_modified_time":"2022-11-02T07:00:52+00:00","twitter_card":"summary_large_image","twitter_misc":{"Est. reading time":"4 minutes"},"schema":{"@context":"https:\/\/schema.org","@graph":[{"@type":"WebPage","@id":"https:\/\/www.hotel-lerguillere.com\/en\/charming-hotel-seafront-la-hague\/","url":"https:\/\/www.hotel-lerguillere.com\/en\/charming-hotel-seafront-la-hague\/","name":"3-start charming Hotel L'Erguill\u00e8re - a privileged location in La Hague","isPartOf":{"@id":"https:\/\/www.hotel-lerguillere.com\/#website"},"datePublished":"2017-03-14T16:21:30+00:00","dateModified":"2022-11-02T07:00:52+00:00","description":"At the tip of La Hague, discover the charming Hotel L'Erguill\u00e8re in the Cotentin region close to the rambling trails and tourist sites","breadcrumb":{"@id":"https:\/\/www.hotel-lerguillere.com\/en\/charming-hotel-seafront-la-hague\/#breadcrumb"},"inLanguage":"en-US","potentialAction":[{"@type":"ReadAction","target":["https:\/\/www.hotel-lerguillere.com\/en\/charming-hotel-seafront-la-hague\/"]}]},{"@type":"BreadcrumbList","@id":"https:\/\/www.hotel-lerguillere.com\/en\/charming-hotel-seafront-la-hague\/#breadcrumb","itemListElement":[{"@type":"ListItem","position":1,"name":"Accueil","item":"https:\/\/www.hotel-lerguillere.com\/en\/"},{"@type":"ListItem","position":2,"name":"Around the hotel"}]},{"@type":"WebSite","@id":"https:\/\/www.hotel-lerguillere.com\/#website","url":"https:\/\/www.hotel-lerguillere.com\/","name":"H\u00f4tel L&#039;Erguill\u00e8re","description":"H\u00f4tel, Bar et Salon de th\u00e9 dans le Cotentin","potentialAction":[{"@type":"SearchAction","target":{"@type":"EntryPoint","urlTemplate":"https:\/\/www.hotel-lerguillere.com\/?s={search_term_string}"},"query-input":{"@type":"PropertyValueSpecification","valueRequired":true,"valueName":"search_term_string"}}],"inLanguage":"en-US"}]}},"_links":{"self":[{"href":"https:\/\/www.hotel-lerguillere.com\/en\/wp-json\/wp\/v2\/pages\/1270","targetHints":{"allow":["GET"]}}],"collection":[{"href":"https:\/\/www.hotel-lerguillere.com\/en\/wp-json\/wp\/v2\/pages"}],"about":[{"href":"https:\/\/www.hotel-lerguillere.com\/en\/wp-json\/wp\/v2\/types\/page"}],"author":[{"embeddable":true,"href":"https:\/\/www.hotel-lerguillere.com\/en\/wp-json\/wp\/v2\/users\/1"}],"replies":[{"embeddable":true,"href":"https:\/\/www.hotel-lerguillere.com\/en\/wp-json\/wp\/v2\/comments?post=1270"}],"version-history":[{"count":14,"href":"https:\/\/www.hotel-lerguillere.com\/en\/wp-json\/wp\/v2\/pages\/1270\/revisions"}],"predecessor-version":[{"id":1639,"href":"https:\/\/www.hotel-lerguillere.com\/en\/wp-json\/wp\/v2\/pages\/1270\/revisions\/1639"}],"wp:attachment":[{"href":"https:\/\/www.hotel-lerguillere.com\/en\/wp-json\/wp\/v2\/media?parent=1270"}],"curies":[{"name":"wp","href":"https:\/\/api.w.org\/{rel}","templated":true}]}}