{"id":1268,"date":"2017-03-14T17:19:16","date_gmt":"2017-03-14T16:19:16","guid":{"rendered":"https:\/\/www.hotel-lerguillere.com\/?page_id=1268"},"modified":"2017-03-14T19:02:42","modified_gmt":"2017-03-14T18:02:42","slug":"the-tea-room-hotel-hague-cotentin","status":"publish","type":"page","link":"https:\/\/www.hotel-lerguillere.com\/en\/the-tea-room-hotel-hague-cotentin\/","title":{"rendered":"The Tea Room"},"content":{"rendered":"<p><div class=\"fusion-fullwidth fullwidth-box fusion-builder-row-1 nonhundred-percent-fullwidth non-hundred-percent-height-scrolling\" style=\"--awb-border-radius-top-left:0px;--awb-border-radius-top-right:0px;--awb-border-radius-bottom-right:0px;--awb-border-radius-bottom-left:0px;--awb-flex-wrap:wrap;\" ><div class=\"fusion-builder-row fusion-row\"><div class=\"fusion-layout-column fusion_builder_column fusion-builder-column-0 fusion_builder_column_1_1 1_1 fusion-one-full fusion-column-first fusion-column-last pix-l\" style=\"--awb-bg-size:cover;\"><div class=\"fusion-column-wrapper fusion-flex-column-wrapper-legacy\"><div class=\"fusion-column-content-centered\"><div class=\"fusion-column-content\"><div class=\"fusion-title title fusion-title-1 fusion-sep-none fusion-title-text fusion-title-size-one pix-titre\" style=\"--awb-margin-top-small:10px;--awb-margin-right-small:0px;--awb-margin-bottom-small:10px;--awb-margin-left-small:0px;\"><h1 class=\"fusion-title-heading title-heading-left fusion-responsive-typography-calculated\" style=\"margin:0;--fontSize:40;line-height:1.33;\"><h1>The Tea Room at the charming hotel L\u2019Erguill\u00e8re<\/h1><\/h1><\/div><div class=\"fusion-text fusion-text-1\"><p>Come into the gentle atmosphere of our tea room; with its loom armchairs, warm decoration, and famous traditional hot chocolate, time stands still\u2026<\/p>\n<p>In mild weather, the terrace and its 180\u00b0 view over the ocean invite you to take a break and forget about the rest of the world.<\/p>\n<\/div><\/div><\/div><div class=\"fusion-clearfix\"><\/div><\/div><\/div><div class=\"fusion-layout-column fusion_builder_column fusion-builder-column-1 fusion_builder_column_1_1 1_1 fusion-one-full fusion-column-first fusion-column-last\" style=\"--awb-bg-size:cover;\"><div class=\"fusion-column-wrapper fusion-flex-column-wrapper-legacy\"><div class=\"fusion-column-content-centered\"><div class=\"fusion-column-content\"><div class=\"fusion-text fusion-text-2\"><div class=\"pix-galerie noLightbox\"><div class=\"pix-galerie-photo\">\r\n                <a href=\"https:\/\/www.hotel-lerguillere.com\/wp-content\/uploads\/2016\/11\/hotel-erguillere-the-patisserie-235.jpg\" class=\"ilightbox\" data-caption=\"\">\r\n                    <img decoding=\"async\" src=\"https:\/\/www.hotel-lerguillere.com\/wp-content\/uploads\/2016\/11\/hotel-erguillere-the-patisserie-235-600x600.jpg\" class=\"pix-ombre\"><\/a><\/div><div class=\"pix-galerie-photo\">\r\n                <a href=\"https:\/\/www.hotel-lerguillere.com\/wp-content\/uploads\/2016\/11\/hotel-erguillere-the-patisserie-237.jpg\" class=\"ilightbox\" data-caption=\"\">\r\n                    <img decoding=\"async\" src=\"https:\/\/www.hotel-lerguillere.com\/wp-content\/uploads\/2016\/11\/hotel-erguillere-the-patisserie-237-600x600.jpg\" class=\"pix-ombre\"><\/a><\/div><div class=\"pix-galerie-photo\">\r\n                <a href=\"https:\/\/www.hotel-lerguillere.com\/wp-content\/uploads\/2016\/12\/hotel-erguillere-the-patisserie-229.jpg\" class=\"ilightbox\" data-caption=\"\">\r\n                    <img decoding=\"async\" src=\"https:\/\/www.hotel-lerguillere.com\/wp-content\/uploads\/2016\/12\/hotel-erguillere-the-patisserie-229-600x600.jpg\" class=\"pix-ombre\"><\/a><\/div><div class=\"pix-galerie-photo\">\r\n                <a href=\"https:\/\/www.hotel-lerguillere.com\/wp-content\/uploads\/2016\/12\/hotel-erguillere-the-patisserie-227.jpg\" class=\"ilightbox\" data-caption=\"\">\r\n                    <img decoding=\"async\" src=\"https:\/\/www.hotel-lerguillere.com\/wp-content\/uploads\/2016\/12\/hotel-erguillere-the-patisserie-227-600x600.jpg\" class=\"pix-ombre\"><\/a><\/div><div class=\"pix-galerie-photo\">\r\n                <a href=\"https:\/\/www.hotel-lerguillere.com\/wp-content\/uploads\/2016\/12\/hotel-erguillere-terrasse-214.jpg\" class=\"ilightbox\" data-caption=\"\">\r\n                    <img decoding=\"async\" src=\"https:\/\/www.hotel-lerguillere.com\/wp-content\/uploads\/2016\/12\/hotel-erguillere-terrasse-214-600x600.jpg\" class=\"pix-ombre\"><\/a><\/div><div class=\"pix-galerie-photo\">\r\n                <a href=\"https:\/\/www.hotel-lerguillere.com\/wp-content\/uploads\/2016\/12\/hotel-erguillere-terrasse-209.jpg\" class=\"ilightbox\" data-caption=\"\">\r\n                    <img decoding=\"async\" src=\"https:\/\/www.hotel-lerguillere.com\/wp-content\/uploads\/2016\/12\/hotel-erguillere-terrasse-209-600x600.jpg\" class=\"pix-ombre\"><\/a><\/div><\/div>\n<\/div><\/div><\/div><div class=\"fusion-clearfix\"><\/div><\/div><\/div><\/div><\/div><div class=\"fusion-fullwidth fullwidth-box fusion-builder-row-2 fusion-parallax-none nonhundred-percent-fullwidth non-hundred-percent-height-scrolling pix-bandeauphoto-bottom\" style=\"--awb-border-color:transparent;--awb-border-radius-top-left:0px;--awb-border-radius-top-right:0px;--awb-border-radius-bottom-right:0px;--awb-border-radius-bottom-left:0px;--awb-padding-top:110px;--awb-padding-bottom:110px;--awb-background-image:url(&quot;https:\/\/www.hotel-lerguillere.com\/wp-content\/uploads\/2016\/12\/salon-de-the.jpg&quot;);--awb-background-size:cover;--awb-border-sizes-top:0px;--awb-border-sizes-bottom:0px;--awb-flex-wrap:wrap;\" ><div class=\"fusion-builder-row fusion-row\"><div class=\"fusion-layout-column fusion_builder_column fusion-builder-column-2 fusion_builder_column_1_1 1_1 fusion-one-full fusion-column-first fusion-column-last fusion-column-no-min-height\" style=\"--awb-bg-size:cover;--awb-margin-bottom:0px;\"><div class=\"fusion-column-wrapper fusion-flex-column-wrapper-legacy\"><div class=\"fusion-text fusion-text-3\"><h4><span style=\"color: #ffffff; font-size: 30px; letter-spacing: 2px; font-style: italic;\">Surrender to the pleasures of &#8220;home made&#8221; cakes with flavours from the past.<\/span><\/h4>\n<\/div><div class=\"fusion-clearfix\"><\/div><\/div><\/div><\/div><\/div><\/p>\n","protected":false},"excerpt":{"rendered":"","protected":false},"author":1,"featured_media":0,"parent":0,"menu_order":4,"comment_status":"closed","ping_status":"closed","template":"100-width.php","meta":{"footnotes":""},"class_list":["post-1268","page","type-page","status-publish","hentry"],"yoast_head":"<!-- This site is optimized with the Yoast SEO plugin v27.5 - https:\/\/yoast.com\/product\/yoast-seo-wordpress\/ -->\n<title>Home-made cakes in the tea room of the Hotel L&#039;Erguill\u00e8re \u2013 Cotentin<\/title>\n<meta name=\"description\" content=\"At Hotel l&#039;Erguill\u00e8re in Saint-Germain-des-Vaux in the Cotentin region, enjoy our delicious home-made cakes in our tea room overlooking the sea\" \/>\n<meta name=\"robots\" content=\"index, follow, max-snippet:-1, max-image-preview:large, max-video-preview:-1\" \/>\n<link rel=\"canonical\" href=\"https:\/\/www.hotel-lerguillere.com\/en\/the-tea-room-hotel-hague-cotentin\/\" \/>\n<meta property=\"og:locale\" content=\"en_US\" \/>\n<meta property=\"og:type\" content=\"article\" \/>\n<meta property=\"og:title\" content=\"Home-made cakes in the tea room of the Hotel L&#039;Erguill\u00e8re \u2013 Cotentin\" \/>\n<meta property=\"og:description\" content=\"At Hotel l&#039;Erguill\u00e8re in Saint-Germain-des-Vaux in the Cotentin region, enjoy our delicious home-made cakes in our tea room overlooking the sea\" \/>\n<meta property=\"og:url\" content=\"https:\/\/www.hotel-lerguillere.com\/en\/the-tea-room-hotel-hague-cotentin\/\" \/>\n<meta property=\"og:site_name\" content=\"H\u00f4tel L&#039;Erguill\u00e8re\" \/>\n<meta property=\"article:modified_time\" content=\"2017-03-14T18:02:42+00:00\" \/>\n<meta name=\"twitter:card\" content=\"summary_large_image\" \/>\n<meta name=\"twitter:label1\" content=\"Est. reading time\" \/>\n\t<meta name=\"twitter:data1\" content=\"2 minutes\" \/>\n<script type=\"application\/ld+json\" class=\"yoast-schema-graph\">{\"@context\":\"https:\\\/\\\/schema.org\",\"@graph\":[{\"@type\":\"WebPage\",\"@id\":\"https:\\\/\\\/www.hotel-lerguillere.com\\\/en\\\/the-tea-room-hotel-hague-cotentin\\\/\",\"url\":\"https:\\\/\\\/www.hotel-lerguillere.com\\\/en\\\/the-tea-room-hotel-hague-cotentin\\\/\",\"name\":\"Home-made cakes in the tea room of the Hotel L'Erguill\u00e8re \u2013 Cotentin\",\"isPartOf\":{\"@id\":\"https:\\\/\\\/www.hotel-lerguillere.com\\\/#website\"},\"datePublished\":\"2017-03-14T16:19:16+00:00\",\"dateModified\":\"2017-03-14T18:02:42+00:00\",\"description\":\"At Hotel l'Erguill\u00e8re in Saint-Germain-des-Vaux in the Cotentin region, enjoy our delicious home-made cakes in our tea room overlooking the sea\",\"breadcrumb\":{\"@id\":\"https:\\\/\\\/www.hotel-lerguillere.com\\\/en\\\/the-tea-room-hotel-hague-cotentin\\\/#breadcrumb\"},\"inLanguage\":\"en-US\",\"potentialAction\":[{\"@type\":\"ReadAction\",\"target\":[\"https:\\\/\\\/www.hotel-lerguillere.com\\\/en\\\/the-tea-room-hotel-hague-cotentin\\\/\"]}]},{\"@type\":\"BreadcrumbList\",\"@id\":\"https:\\\/\\\/www.hotel-lerguillere.com\\\/en\\\/the-tea-room-hotel-hague-cotentin\\\/#breadcrumb\",\"itemListElement\":[{\"@type\":\"ListItem\",\"position\":1,\"name\":\"Accueil\",\"item\":\"https:\\\/\\\/www.hotel-lerguillere.com\\\/en\\\/\"},{\"@type\":\"ListItem\",\"position\":2,\"name\":\"The Tea Room\"}]},{\"@type\":\"WebSite\",\"@id\":\"https:\\\/\\\/www.hotel-lerguillere.com\\\/#website\",\"url\":\"https:\\\/\\\/www.hotel-lerguillere.com\\\/\",\"name\":\"H\u00f4tel L&#039;Erguill\u00e8re\",\"description\":\"H\u00f4tel, Bar et Salon de th\u00e9 dans le Cotentin\",\"potentialAction\":[{\"@type\":\"SearchAction\",\"target\":{\"@type\":\"EntryPoint\",\"urlTemplate\":\"https:\\\/\\\/www.hotel-lerguillere.com\\\/?s={search_term_string}\"},\"query-input\":{\"@type\":\"PropertyValueSpecification\",\"valueRequired\":true,\"valueName\":\"search_term_string\"}}],\"inLanguage\":\"en-US\"}]}<\/script>\n<!-- \/ Yoast SEO plugin. -->","yoast_head_json":{"title":"Home-made cakes in the tea room of the Hotel L'Erguill\u00e8re \u2013 Cotentin","description":"At Hotel l'Erguill\u00e8re in Saint-Germain-des-Vaux in the Cotentin region, enjoy our delicious home-made cakes in our tea room overlooking the sea","robots":{"index":"index","follow":"follow","max-snippet":"max-snippet:-1","max-image-preview":"max-image-preview:large","max-video-preview":"max-video-preview:-1"},"canonical":"https:\/\/www.hotel-lerguillere.com\/en\/the-tea-room-hotel-hague-cotentin\/","og_locale":"en_US","og_type":"article","og_title":"Home-made cakes in the tea room of the Hotel L'Erguill\u00e8re \u2013 Cotentin","og_description":"At Hotel l'Erguill\u00e8re in Saint-Germain-des-Vaux in the Cotentin region, enjoy our delicious home-made cakes in our tea room overlooking the sea","og_url":"https:\/\/www.hotel-lerguillere.com\/en\/the-tea-room-hotel-hague-cotentin\/","og_site_name":"H\u00f4tel L&#039;Erguill\u00e8re","article_modified_time":"2017-03-14T18:02:42+00:00","twitter_card":"summary_large_image","twitter_misc":{"Est. reading time":"2 minutes"},"schema":{"@context":"https:\/\/schema.org","@graph":[{"@type":"WebPage","@id":"https:\/\/www.hotel-lerguillere.com\/en\/the-tea-room-hotel-hague-cotentin\/","url":"https:\/\/www.hotel-lerguillere.com\/en\/the-tea-room-hotel-hague-cotentin\/","name":"Home-made cakes in the tea room of the Hotel L'Erguill\u00e8re \u2013 Cotentin","isPartOf":{"@id":"https:\/\/www.hotel-lerguillere.com\/#website"},"datePublished":"2017-03-14T16:19:16+00:00","dateModified":"2017-03-14T18:02:42+00:00","description":"At Hotel l'Erguill\u00e8re in Saint-Germain-des-Vaux in the Cotentin region, enjoy our delicious home-made cakes in our tea room overlooking the sea","breadcrumb":{"@id":"https:\/\/www.hotel-lerguillere.com\/en\/the-tea-room-hotel-hague-cotentin\/#breadcrumb"},"inLanguage":"en-US","potentialAction":[{"@type":"ReadAction","target":["https:\/\/www.hotel-lerguillere.com\/en\/the-tea-room-hotel-hague-cotentin\/"]}]},{"@type":"BreadcrumbList","@id":"https:\/\/www.hotel-lerguillere.com\/en\/the-tea-room-hotel-hague-cotentin\/#breadcrumb","itemListElement":[{"@type":"ListItem","position":1,"name":"Accueil","item":"https:\/\/www.hotel-lerguillere.com\/en\/"},{"@type":"ListItem","position":2,"name":"The Tea Room"}]},{"@type":"WebSite","@id":"https:\/\/www.hotel-lerguillere.com\/#website","url":"https:\/\/www.hotel-lerguillere.com\/","name":"H\u00f4tel L&#039;Erguill\u00e8re","description":"H\u00f4tel, Bar et Salon de th\u00e9 dans le Cotentin","potentialAction":[{"@type":"SearchAction","target":{"@type":"EntryPoint","urlTemplate":"https:\/\/www.hotel-lerguillere.com\/?s={search_term_string}"},"query-input":{"@type":"PropertyValueSpecification","valueRequired":true,"valueName":"search_term_string"}}],"inLanguage":"en-US"}]}},"_links":{"self":[{"href":"https:\/\/www.hotel-lerguillere.com\/en\/wp-json\/wp\/v2\/pages\/1268","targetHints":{"allow":["GET"]}}],"collection":[{"href":"https:\/\/www.hotel-lerguillere.com\/en\/wp-json\/wp\/v2\/pages"}],"about":[{"href":"https:\/\/www.hotel-lerguillere.com\/en\/wp-json\/wp\/v2\/types\/page"}],"author":[{"embeddable":true,"href":"https:\/\/www.hotel-lerguillere.com\/en\/wp-json\/wp\/v2\/users\/1"}],"replies":[{"embeddable":true,"href":"https:\/\/www.hotel-lerguillere.com\/en\/wp-json\/wp\/v2\/comments?post=1268"}],"version-history":[{"count":2,"href":"https:\/\/www.hotel-lerguillere.com\/en\/wp-json\/wp\/v2\/pages\/1268\/revisions"}],"predecessor-version":[{"id":1342,"href":"https:\/\/www.hotel-lerguillere.com\/en\/wp-json\/wp\/v2\/pages\/1268\/revisions\/1342"}],"wp:attachment":[{"href":"https:\/\/www.hotel-lerguillere.com\/en\/wp-json\/wp\/v2\/media?parent=1268"}],"curies":[{"name":"wp","href":"https:\/\/api.w.org\/{rel}","templated":true}]}}