{"id":1265,"date":"2017-03-14T17:16:49","date_gmt":"2017-03-14T16:16:49","guid":{"rendered":"https:\/\/www.hotel-lerguillere.com\/?page_id=1265"},"modified":"2017-03-15T10:44:49","modified_gmt":"2017-03-15T09:44:49","slug":"breakfast-3-star-charming-hotel-cotentin","status":"publish","type":"page","link":"https:\/\/www.hotel-lerguillere.com\/en\/breakfast-3-star-charming-hotel-cotentin\/","title":{"rendered":"Breakfast"},"content":{"rendered":"<p><div class=\"fusion-fullwidth fullwidth-box fusion-builder-row-1 nonhundred-percent-fullwidth non-hundred-percent-height-scrolling\" style=\"--awb-border-radius-top-left:0px;--awb-border-radius-top-right:0px;--awb-border-radius-bottom-right:0px;--awb-border-radius-bottom-left:0px;--awb-flex-wrap:wrap;\" ><div class=\"fusion-builder-row fusion-row\"><div class=\"fusion-layout-column fusion_builder_column fusion-builder-column-0 fusion_builder_column_1_1 1_1 fusion-one-full fusion-column-first fusion-column-last pix-l\" style=\"--awb-bg-size:cover;\"><div class=\"fusion-column-wrapper fusion-flex-column-wrapper-legacy\"><div class=\"fusion-column-content-centered\"><div class=\"fusion-column-content\"><div class=\"fusion-title title fusion-title-1 fusion-sep-none fusion-title-text fusion-title-size-one pix-titre\" style=\"--awb-margin-top-small:10px;--awb-margin-right-small:0px;--awb-margin-bottom-small:10px;--awb-margin-left-small:0px;\"><h1 class=\"fusion-title-heading title-heading-left fusion-responsive-typography-calculated\" style=\"margin:0;--fontSize:40;line-height:1.33;\"><h1>Breakfast at the charming hotel L\u2019Erguill\u00e8re<\/h1><\/h1><\/div><div class=\"fusion-text fusion-text-1\"><p>Dawn breaks and at L\u2019Erguill\u00e8re, breakfast, an almost sacred ritual starts: local produce, French toast, squeezed oranges, fruit salad and strawberries in season, oysters.<\/p>\n<p>Take your breakfast in the large room facing the sea or on the terrace.<\/p>\n<p>Making this a gentle and relaxing moment reflects our vision of a certain <em>art de vivre<\/em><\/p>\n<p><strong>For the bread, brioche and Viennese pastries: <\/strong>Defay bakers at Gr\u00e9ville Hague:\u00a0<a href=\"https:\/\/www.facebook.com\/Boulangerie-p%C3%A2tisserie-le-gr%C3%A9villais-163454497060631\/?fref=ts\" target=\"_blank\" data-saferedirecturl=\"https:\/\/www.google.com\/url?hl=fr&amp;q=https:\/\/www.facebook.com\/Boulangerie-p%25C3%25A2tisserie-le-gr%25C3%25A9villais-163454497060631\/?fref%3Dts&amp;source=gmail&amp;ust=1481816040448000&amp;usg=AFQjCNE83fB0NiY3qj1hp4SPDJjwFACGsw\">Page Facebook<\/a><\/p>\n<p><strong>For the butter and cream:<\/strong>\u00a0Isigny Sainte-M\u00e8re cooperative and, whenever possible, we cross the Alderney Race to buy the butter at Aurigny from Kiln Farm. The butter they produce from Jersey cows is golden yellow and quite delicious.<\/p>\n<p><strong>For the jams:<\/strong>\u00a0Rapha\u00ebl jams from Saint Coulomb near Cancale. Two brothers who work together for a perfect result. <a href=\"http:\/\/www.confitures-raphael.fr\/\" target=\"_blank\" data-saferedirecturl=\"https:\/\/www.google.com\/url?hl=fr&amp;q=http:\/\/www.confitures-raphael.fr\/&amp;source=gmail&amp;ust=1481816040448000&amp;usg=AFQjCNHEUeQ_o-iglzs4qZ-w_IliGBi5Vg\">www.confitures-raphael.fr<\/a><\/p>\n<p><strong>For the honey:\u00a0<\/strong>The award-winning Le Haguais Honey made by Mr Boivin at Beaumont Hague, a 100 % local product.<\/p>\n<p><strong>For the yogurts: <\/strong>The award-winning Le Haguais Honey made by Mr Boivin at Beaumont Hague, a 100 % local product. <a href=\"http:\/\/www.petit-manoir.fr\/\" target=\"_blank\" data-saferedirecturl=\"https:\/\/www.google.com\/url?hl=fr&amp;q=http:\/\/www.petit-manoir.fr\/&amp;source=gmail&amp;ust=1481816040448000&amp;usg=AFQjCNGgkb6BrYTYmimiKUmivyMoYWIS3A\">www.petit-manoir.fr<\/a><\/p>\n<p><strong>Coffee:\u00a0<\/strong>We rely on Maison Borghi at Saint-Pair-sur-Mer for their always perfectly roasted coffee. <a href=\"http:\/\/www.franco-borghi.com\/\" target=\"_blank\" data-saferedirecturl=\"https:\/\/www.google.com\/url?hl=fr&amp;q=http:\/\/www.franco-borghi.com\/&amp;source=gmail&amp;ust=1481816040448000&amp;usg=AFQjCNGyyFSettp8-mayGHN_88Wf7ce-LA\">www.franco-borghi.com<\/a><\/p>\n<\/div><\/div><\/div><div class=\"fusion-clearfix\"><\/div><\/div><\/div><div class=\"fusion-layout-column fusion_builder_column fusion-builder-column-1 fusion_builder_column_1_1 1_1 fusion-one-full fusion-column-first fusion-column-last\" style=\"--awb-bg-size:cover;\"><div class=\"fusion-column-wrapper fusion-flex-column-wrapper-legacy\"><div class=\"fusion-column-content-centered\"><div class=\"fusion-column-content\"><div class=\"fusion-text fusion-text-2\"><div class=\"pix-galerie noLightbox\"><div class=\"pix-galerie-photo\">\r\n                <a href=\"https:\/\/www.hotel-lerguillere.com\/wp-content\/uploads\/2016\/11\/hotel-erguillere-petit-dej-166.jpg\" class=\"ilightbox\" data-caption=\"\">\r\n                    <img decoding=\"async\" src=\"https:\/\/www.hotel-lerguillere.com\/wp-content\/uploads\/2016\/11\/hotel-erguillere-petit-dej-166-600x600.jpg\" class=\"pix-ombre\"><\/a><\/div><div class=\"pix-galerie-photo\">\r\n                <a href=\"https:\/\/www.hotel-lerguillere.com\/wp-content\/uploads\/2016\/11\/hotel-erguillere-petit-dej-171.jpg\" class=\"ilightbox\" data-caption=\"\">\r\n                    <img decoding=\"async\" src=\"https:\/\/www.hotel-lerguillere.com\/wp-content\/uploads\/2016\/11\/hotel-erguillere-petit-dej-171-600x600.jpg\" class=\"pix-ombre\"><\/a><\/div><div class=\"pix-galerie-photo\">\r\n                <a href=\"https:\/\/www.hotel-lerguillere.com\/wp-content\/uploads\/2016\/11\/hotel-erguillere-petit-dej-172.jpg\" class=\"ilightbox\" data-caption=\"\">\r\n                    <img decoding=\"async\" src=\"https:\/\/www.hotel-lerguillere.com\/wp-content\/uploads\/2016\/11\/hotel-erguillere-petit-dej-172-600x600.jpg\" class=\"pix-ombre\"><\/a><\/div><div class=\"pix-galerie-photo\">\r\n                <a href=\"https:\/\/www.hotel-lerguillere.com\/wp-content\/uploads\/2016\/11\/hotel-erguillere-petit-dej-176.jpg\" class=\"ilightbox\" data-caption=\"\">\r\n                    <img decoding=\"async\" src=\"https:\/\/www.hotel-lerguillere.com\/wp-content\/uploads\/2016\/11\/hotel-erguillere-petit-dej-176-600x600.jpg\" class=\"pix-ombre\"><\/a><\/div><div class=\"pix-galerie-photo\">\r\n                <a href=\"https:\/\/www.hotel-lerguillere.com\/wp-content\/uploads\/2016\/11\/hotel-erguillere-petit-dej-182.jpg\" class=\"ilightbox\" data-caption=\"\">\r\n                    <img decoding=\"async\" src=\"https:\/\/www.hotel-lerguillere.com\/wp-content\/uploads\/2016\/11\/hotel-erguillere-petit-dej-182-600x600.jpg\" class=\"pix-ombre\"><\/a><\/div><div class=\"pix-galerie-photo\">\r\n                <a href=\"https:\/\/www.hotel-lerguillere.com\/wp-content\/uploads\/2016\/11\/hotel-erguillere-terrasse-216.jpg\" class=\"ilightbox\" data-caption=\"\">\r\n                    <img decoding=\"async\" src=\"https:\/\/www.hotel-lerguillere.com\/wp-content\/uploads\/2016\/11\/hotel-erguillere-terrasse-216-600x600.jpg\" class=\"pix-ombre\"><\/a><\/div><\/div>\n<\/div><\/div><\/div><div class=\"fusion-clearfix\"><\/div><\/div><\/div><\/div><\/div><div class=\"fusion-fullwidth fullwidth-box fusion-builder-row-2 fusion-parallax-none nonhundred-percent-fullwidth non-hundred-percent-height-scrolling pix-bandeauphoto-bottom\" style=\"--awb-border-color:transparent;--awb-border-radius-top-left:0px;--awb-border-radius-top-right:0px;--awb-border-radius-bottom-right:0px;--awb-border-radius-bottom-left:0px;--awb-padding-top:110px;--awb-padding-bottom:110px;--awb-background-image:url(&quot;https:\/\/www.hotel-lerguillere.com\/wp-content\/uploads\/2016\/12\/petits-dejeuners.jpg&quot;);--awb-background-size:cover;--awb-border-sizes-top:0px;--awb-border-sizes-bottom:0px;--awb-flex-wrap:wrap;\" ><div class=\"fusion-builder-row fusion-row\"><div class=\"fusion-layout-column fusion_builder_column fusion-builder-column-2 fusion_builder_column_1_1 1_1 fusion-one-full fusion-column-first fusion-column-last fusion-column-no-min-height\" style=\"--awb-bg-size:cover;--awb-margin-bottom:0px;\"><div class=\"fusion-column-wrapper fusion-flex-column-wrapper-legacy\"><div class=\"fusion-text fusion-text-3\"><h4><span style=\"color: #ffffff; font-size: 30px; letter-spacing: 2px; font-style: italic;\">&#8220;Breakfast at Hotel L&#8217;Erguill\u00e8re overlooking the sea&#8221;<\/span><\/h4>\n<\/div><div class=\"fusion-clearfix\"><\/div><\/div><\/div><\/div><\/div><\/p>\n","protected":false},"excerpt":{"rendered":"","protected":false},"author":1,"featured_media":0,"parent":0,"menu_order":3,"comment_status":"closed","ping_status":"closed","template":"100-width.php","meta":{"footnotes":""},"class_list":["post-1265","page","type-page","status-publish","hentry"],"yoast_head":"<!-- This site is optimized with the Yoast SEO plugin v27.5 - https:\/\/yoast.com\/product\/yoast-seo-wordpress\/ -->\n<title>breakfast at L&#039;Erguill\u00e8re, a charming hotel in the Cotentin region<\/title>\n<meta name=\"description\" content=\"Hotel L&#039;Erguill\u00e8re, 3-star charming hotel in the Cotentin region of Normandy, near the Cap de la Hague, Port Racine and Cherbourg\" \/>\n<meta name=\"robots\" content=\"index, follow, max-snippet:-1, max-image-preview:large, max-video-preview:-1\" \/>\n<link rel=\"canonical\" href=\"https:\/\/www.hotel-lerguillere.com\/en\/breakfast-3-star-charming-hotel-cotentin\/\" \/>\n<meta property=\"og:locale\" content=\"en_US\" \/>\n<meta property=\"og:type\" content=\"article\" \/>\n<meta property=\"og:title\" content=\"breakfast at L&#039;Erguill\u00e8re, a charming hotel in the Cotentin region\" \/>\n<meta property=\"og:description\" content=\"Hotel L&#039;Erguill\u00e8re, 3-star charming hotel in the Cotentin region of Normandy, near the Cap de la Hague, Port Racine and Cherbourg\" \/>\n<meta property=\"og:url\" content=\"https:\/\/www.hotel-lerguillere.com\/en\/breakfast-3-star-charming-hotel-cotentin\/\" \/>\n<meta property=\"og:site_name\" content=\"H\u00f4tel L&#039;Erguill\u00e8re\" \/>\n<meta property=\"article:modified_time\" content=\"2017-03-15T09:44:49+00:00\" \/>\n<meta name=\"twitter:card\" content=\"summary_large_image\" \/>\n<meta name=\"twitter:label1\" content=\"Est. reading time\" \/>\n\t<meta name=\"twitter:data1\" content=\"3 minutes\" \/>\n<script type=\"application\/ld+json\" class=\"yoast-schema-graph\">{\"@context\":\"https:\\\/\\\/schema.org\",\"@graph\":[{\"@type\":\"WebPage\",\"@id\":\"https:\\\/\\\/www.hotel-lerguillere.com\\\/en\\\/breakfast-3-star-charming-hotel-cotentin\\\/\",\"url\":\"https:\\\/\\\/www.hotel-lerguillere.com\\\/en\\\/breakfast-3-star-charming-hotel-cotentin\\\/\",\"name\":\"breakfast at L'Erguill\u00e8re, a charming hotel in the Cotentin region\",\"isPartOf\":{\"@id\":\"https:\\\/\\\/www.hotel-lerguillere.com\\\/#website\"},\"datePublished\":\"2017-03-14T16:16:49+00:00\",\"dateModified\":\"2017-03-15T09:44:49+00:00\",\"description\":\"Hotel L'Erguill\u00e8re, 3-star charming hotel in the Cotentin region of Normandy, near the Cap de la Hague, Port Racine and Cherbourg\",\"breadcrumb\":{\"@id\":\"https:\\\/\\\/www.hotel-lerguillere.com\\\/en\\\/breakfast-3-star-charming-hotel-cotentin\\\/#breadcrumb\"},\"inLanguage\":\"en-US\",\"potentialAction\":[{\"@type\":\"ReadAction\",\"target\":[\"https:\\\/\\\/www.hotel-lerguillere.com\\\/en\\\/breakfast-3-star-charming-hotel-cotentin\\\/\"]}]},{\"@type\":\"BreadcrumbList\",\"@id\":\"https:\\\/\\\/www.hotel-lerguillere.com\\\/en\\\/breakfast-3-star-charming-hotel-cotentin\\\/#breadcrumb\",\"itemListElement\":[{\"@type\":\"ListItem\",\"position\":1,\"name\":\"Accueil\",\"item\":\"https:\\\/\\\/www.hotel-lerguillere.com\\\/en\\\/\"},{\"@type\":\"ListItem\",\"position\":2,\"name\":\"Breakfast\"}]},{\"@type\":\"WebSite\",\"@id\":\"https:\\\/\\\/www.hotel-lerguillere.com\\\/#website\",\"url\":\"https:\\\/\\\/www.hotel-lerguillere.com\\\/\",\"name\":\"H\u00f4tel L&#039;Erguill\u00e8re\",\"description\":\"H\u00f4tel, Bar et Salon de th\u00e9 dans le Cotentin\",\"potentialAction\":[{\"@type\":\"SearchAction\",\"target\":{\"@type\":\"EntryPoint\",\"urlTemplate\":\"https:\\\/\\\/www.hotel-lerguillere.com\\\/?s={search_term_string}\"},\"query-input\":{\"@type\":\"PropertyValueSpecification\",\"valueRequired\":true,\"valueName\":\"search_term_string\"}}],\"inLanguage\":\"en-US\"}]}<\/script>\n<!-- \/ Yoast SEO plugin. -->","yoast_head_json":{"title":"breakfast at L'Erguill\u00e8re, a charming hotel in the Cotentin region","description":"Hotel L'Erguill\u00e8re, 3-star charming hotel in the Cotentin region of Normandy, near the Cap de la Hague, Port Racine and Cherbourg","robots":{"index":"index","follow":"follow","max-snippet":"max-snippet:-1","max-image-preview":"max-image-preview:large","max-video-preview":"max-video-preview:-1"},"canonical":"https:\/\/www.hotel-lerguillere.com\/en\/breakfast-3-star-charming-hotel-cotentin\/","og_locale":"en_US","og_type":"article","og_title":"breakfast at L'Erguill\u00e8re, a charming hotel in the Cotentin region","og_description":"Hotel L'Erguill\u00e8re, 3-star charming hotel in the Cotentin region of Normandy, near the Cap de la Hague, Port Racine and Cherbourg","og_url":"https:\/\/www.hotel-lerguillere.com\/en\/breakfast-3-star-charming-hotel-cotentin\/","og_site_name":"H\u00f4tel L&#039;Erguill\u00e8re","article_modified_time":"2017-03-15T09:44:49+00:00","twitter_card":"summary_large_image","twitter_misc":{"Est. reading time":"3 minutes"},"schema":{"@context":"https:\/\/schema.org","@graph":[{"@type":"WebPage","@id":"https:\/\/www.hotel-lerguillere.com\/en\/breakfast-3-star-charming-hotel-cotentin\/","url":"https:\/\/www.hotel-lerguillere.com\/en\/breakfast-3-star-charming-hotel-cotentin\/","name":"breakfast at L'Erguill\u00e8re, a charming hotel in the Cotentin region","isPartOf":{"@id":"https:\/\/www.hotel-lerguillere.com\/#website"},"datePublished":"2017-03-14T16:16:49+00:00","dateModified":"2017-03-15T09:44:49+00:00","description":"Hotel L'Erguill\u00e8re, 3-star charming hotel in the Cotentin region of Normandy, near the Cap de la Hague, Port Racine and Cherbourg","breadcrumb":{"@id":"https:\/\/www.hotel-lerguillere.com\/en\/breakfast-3-star-charming-hotel-cotentin\/#breadcrumb"},"inLanguage":"en-US","potentialAction":[{"@type":"ReadAction","target":["https:\/\/www.hotel-lerguillere.com\/en\/breakfast-3-star-charming-hotel-cotentin\/"]}]},{"@type":"BreadcrumbList","@id":"https:\/\/www.hotel-lerguillere.com\/en\/breakfast-3-star-charming-hotel-cotentin\/#breadcrumb","itemListElement":[{"@type":"ListItem","position":1,"name":"Accueil","item":"https:\/\/www.hotel-lerguillere.com\/en\/"},{"@type":"ListItem","position":2,"name":"Breakfast"}]},{"@type":"WebSite","@id":"https:\/\/www.hotel-lerguillere.com\/#website","url":"https:\/\/www.hotel-lerguillere.com\/","name":"H\u00f4tel L&#039;Erguill\u00e8re","description":"H\u00f4tel, Bar et Salon de th\u00e9 dans le Cotentin","potentialAction":[{"@type":"SearchAction","target":{"@type":"EntryPoint","urlTemplate":"https:\/\/www.hotel-lerguillere.com\/?s={search_term_string}"},"query-input":{"@type":"PropertyValueSpecification","valueRequired":true,"valueName":"search_term_string"}}],"inLanguage":"en-US"}]}},"_links":{"self":[{"href":"https:\/\/www.hotel-lerguillere.com\/en\/wp-json\/wp\/v2\/pages\/1265","targetHints":{"allow":["GET"]}}],"collection":[{"href":"https:\/\/www.hotel-lerguillere.com\/en\/wp-json\/wp\/v2\/pages"}],"about":[{"href":"https:\/\/www.hotel-lerguillere.com\/en\/wp-json\/wp\/v2\/types\/page"}],"author":[{"embeddable":true,"href":"https:\/\/www.hotel-lerguillere.com\/en\/wp-json\/wp\/v2\/users\/1"}],"replies":[{"embeddable":true,"href":"https:\/\/www.hotel-lerguillere.com\/en\/wp-json\/wp\/v2\/comments?post=1265"}],"version-history":[{"count":4,"href":"https:\/\/www.hotel-lerguillere.com\/en\/wp-json\/wp\/v2\/pages\/1265\/revisions"}],"predecessor-version":[{"id":1365,"href":"https:\/\/www.hotel-lerguillere.com\/en\/wp-json\/wp\/v2\/pages\/1265\/revisions\/1365"}],"wp:attachment":[{"href":"https:\/\/www.hotel-lerguillere.com\/en\/wp-json\/wp\/v2\/media?parent=1265"}],"curies":[{"name":"wp","href":"https:\/\/api.w.org\/{rel}","templated":true}]}}