{"id":1259,"date":"2017-03-14T17:05:14","date_gmt":"2017-03-14T16:05:14","guid":{"rendered":"https:\/\/www.hotel-lerguillere.com\/?page_id=1259"},"modified":"2017-03-14T19:08:30","modified_gmt":"2017-03-14T18:08:30","slug":"bedrooms-seafront-cotentin","status":"publish","type":"page","link":"https:\/\/www.hotel-lerguillere.com\/en\/bedrooms-seafront-cotentin\/","title":{"rendered":"Bedrooms"},"content":{"rendered":"<p><div class=\"fusion-fullwidth fullwidth-box fusion-builder-row-1 nonhundred-percent-fullwidth non-hundred-percent-height-scrolling\" style=\"--awb-border-radius-top-left:0px;--awb-border-radius-top-right:0px;--awb-border-radius-bottom-right:0px;--awb-border-radius-bottom-left:0px;--awb-flex-wrap:wrap;\" ><div class=\"fusion-builder-row fusion-row\"><div class=\"fusion-layout-column fusion_builder_column fusion-builder-column-0 fusion_builder_column_1_1 1_1 fusion-one-full fusion-column-first fusion-column-last pix-l\" style=\"--awb-bg-size:cover;\"><div class=\"fusion-column-wrapper fusion-flex-column-wrapper-legacy\"><div class=\"fusion-column-content-centered\"><div class=\"fusion-column-content\"><div class=\"fusion-title title fusion-title-1 fusion-sep-none fusion-title-text fusion-title-size-one pix-titre\" style=\"--awb-margin-top-small:10px;--awb-margin-right-small:0px;--awb-margin-bottom-small:10px;--awb-margin-left-small:0px;\"><h1 class=\"fusion-title-heading title-heading-left fusion-responsive-typography-calculated\" style=\"margin:0;--fontSize:40;line-height:1.33;\"><h1>The bedrooms of hotel L\u2019Erguill\u00e8re<\/h1><\/h1><\/div><div class=\"fusion-text fusion-text-1\"><p style=\"text-align: center;\">For a peaceful night&#8217;s sleep and to wake up gently in the morning, L\u2019Erguill\u00e8re offers 9 charming bedrooms, including 8 with sea view.<\/p>\n<p style=\"text-align: center;\">Bathed in a soft and relaxing atmosphere, you will appreciate the pure decoration, refined furniture, top quality bed linen and generous pillows as well as the services proposed: Wifi Internet, flat screen and satellite TV, telephone, hair-dryer, bath robe and baby bed upon request.<\/p>\n<p style=\"text-align: center;\">A little anecdote, bedroom 7 welcomes you with a poem written by Jacques Pr\u00e9vert, &#8220;Sables mouvants&#8221; (Quicksand) as a tribute to the poet, who was a frequent visitor to the hotel.<\/p>\n<p><a class=\"pix-btn pix-btn-accueil\" href=\"https:\/\/www.hotel-lerguillere.com\/en\/booking-l-erguillere-la-hague\/\">Prices &amp; Booking<\/a><\/p>\n<\/div><\/div><\/div><div class=\"fusion-clearfix\"><\/div><\/div><\/div><div class=\"fusion-layout-column fusion_builder_column fusion-builder-column-1 fusion_builder_column_1_1 1_1 fusion-one-full fusion-column-first fusion-column-last\" style=\"--awb-bg-size:cover;\"><div class=\"fusion-column-wrapper fusion-flex-column-wrapper-legacy\"><div class=\"fusion-column-content-centered\"><div class=\"fusion-column-content\"><div class=\"fusion-text fusion-text-2\"><div class=\"pix-masonry-wrapper\"><div id=\"pix-masonry\" class=\"noLightbox\" data-columns><div><div class=\"pix-masonry-photo\">\r\n                <a href=\"https:\/\/www.hotel-lerguillere.com\/wp-content\/uploads\/2016\/11\/l-erguillere-chambre-ch7-035.jpg\" class=\"ilightbox\" data-caption=\"\">\r\n                    <img decoding=\"async\" src=\"https:\/\/www.hotel-lerguillere.com\/wp-content\/uploads\/2016\/11\/l-erguillere-chambre-ch7-035.jpg\" class=\"pix-ombre\"><\/a><\/div><\/div><div><div class=\"pix-masonry-photo\">\r\n                <a href=\"https:\/\/www.hotel-lerguillere.com\/wp-content\/uploads\/2016\/11\/l-erguillere-chambre-ch4-021.jpg\" class=\"ilightbox\" data-caption=\"\">\r\n                    <img decoding=\"async\" src=\"https:\/\/www.hotel-lerguillere.com\/wp-content\/uploads\/2016\/11\/l-erguillere-chambre-ch4-021.jpg\" class=\"pix-ombre\"><\/a><\/div><\/div><div><div class=\"pix-masonry-photo\">\r\n                <a href=\"https:\/\/www.hotel-lerguillere.com\/wp-content\/uploads\/2016\/11\/l-erguillere-chambre-ch8-010.jpg\" class=\"ilightbox\" data-caption=\"\">\r\n                    <img decoding=\"async\" src=\"https:\/\/www.hotel-lerguillere.com\/wp-content\/uploads\/2016\/11\/l-erguillere-chambre-ch8-010.jpg\" class=\"pix-ombre\"><\/a><\/div><\/div><div><div class=\"pix-masonry-photo\">\r\n                <a href=\"https:\/\/www.hotel-lerguillere.com\/wp-content\/uploads\/2016\/11\/l-erguillere-chambre-ch6-046.jpg\" class=\"ilightbox\" data-caption=\"\">\r\n                    <img decoding=\"async\" src=\"https:\/\/www.hotel-lerguillere.com\/wp-content\/uploads\/2016\/11\/l-erguillere-chambre-ch6-046.jpg\" class=\"pix-ombre\"><\/a><\/div><\/div><div><div class=\"pix-masonry-photo\">\r\n                <a href=\"https:\/\/www.hotel-lerguillere.com\/wp-content\/uploads\/2016\/11\/l-erguillere-chambre-ch3-031.jpg\" class=\"ilightbox\" data-caption=\"\">\r\n                    <img decoding=\"async\" src=\"https:\/\/www.hotel-lerguillere.com\/wp-content\/uploads\/2016\/11\/l-erguillere-chambre-ch3-031.jpg\" class=\"pix-ombre\"><\/a><\/div><\/div><div><div class=\"pix-masonry-photo\">\r\n                <a href=\"https:\/\/www.hotel-lerguillere.com\/wp-content\/uploads\/2016\/12\/l-erguillere-chambre-ch1-089.jpg\" class=\"ilightbox\" data-caption=\"\">\r\n                    <img decoding=\"async\" src=\"https:\/\/www.hotel-lerguillere.com\/wp-content\/uploads\/2016\/12\/l-erguillere-chambre-ch1-089.jpg\" class=\"pix-ombre\"><\/a><\/div><\/div><div><div class=\"pix-masonry-photo\">\r\n                <a href=\"https:\/\/www.hotel-lerguillere.com\/wp-content\/uploads\/2016\/12\/l-erguillere-chambre-ch10-082.jpg\" class=\"ilightbox\" data-caption=\"\">\r\n                    <img decoding=\"async\" src=\"https:\/\/www.hotel-lerguillere.com\/wp-content\/uploads\/2016\/12\/l-erguillere-chambre-ch10-082.jpg\" class=\"pix-ombre\"><\/a><\/div><\/div><div><div class=\"pix-masonry-photo\">\r\n                <a href=\"https:\/\/www.hotel-lerguillere.com\/wp-content\/uploads\/2016\/11\/l-erguillere-chambre-ch6-057.jpg\" class=\"ilightbox\" data-caption=\"\">\r\n                    <img decoding=\"async\" src=\"https:\/\/www.hotel-lerguillere.com\/wp-content\/uploads\/2016\/11\/l-erguillere-chambre-ch6-057.jpg\" class=\"pix-ombre\"><\/a><\/div><\/div><div><div class=\"pix-masonry-photo\">\r\n                <a href=\"https:\/\/www.hotel-lerguillere.com\/wp-content\/uploads\/2016\/11\/l-erguillere-chambre-ch6-055.jpg\" class=\"ilightbox\" data-caption=\"\">\r\n                    <img decoding=\"async\" src=\"https:\/\/www.hotel-lerguillere.com\/wp-content\/uploads\/2016\/11\/l-erguillere-chambre-ch6-055.jpg\" class=\"pix-ombre\"><\/a><\/div><\/div><div><div class=\"pix-masonry-photo\">\r\n                <a href=\"https:\/\/www.hotel-lerguillere.com\/wp-content\/uploads\/2016\/11\/l-erguillere-chambre-ch4-026.jpg\" class=\"ilightbox\" data-caption=\"\">\r\n                    <img decoding=\"async\" src=\"https:\/\/www.hotel-lerguillere.com\/wp-content\/uploads\/2016\/11\/l-erguillere-chambre-ch4-026.jpg\" class=\"pix-ombre\"><\/a><\/div><\/div><div><div class=\"pix-masonry-photo\">\r\n                <a href=\"https:\/\/www.hotel-lerguillere.com\/wp-content\/uploads\/2016\/11\/l-erguillere-chambre-ch6-054.jpg\" class=\"ilightbox\" data-caption=\"\">\r\n                    <img decoding=\"async\" src=\"https:\/\/www.hotel-lerguillere.com\/wp-content\/uploads\/2016\/11\/l-erguillere-chambre-ch6-054.jpg\" class=\"pix-ombre\"><\/a><\/div><\/div><div><div class=\"pix-masonry-photo\">\r\n                <a href=\"https:\/\/www.hotel-lerguillere.com\/wp-content\/uploads\/2016\/11\/l-erguillere-chambre-ch6-047.jpg\" class=\"ilightbox\" data-caption=\"\">\r\n                    <img decoding=\"async\" src=\"https:\/\/www.hotel-lerguillere.com\/wp-content\/uploads\/2016\/11\/l-erguillere-chambre-ch6-047.jpg\" class=\"pix-ombre\"><\/a><\/div><\/div><div><div class=\"pix-masonry-photo\">\r\n                <a href=\"https:\/\/www.hotel-lerguillere.com\/wp-content\/uploads\/2016\/11\/l-erguillere-chambre-ch7-040.jpg\" class=\"ilightbox\" data-caption=\"\">\r\n                    <img decoding=\"async\" src=\"https:\/\/www.hotel-lerguillere.com\/wp-content\/uploads\/2016\/11\/l-erguillere-chambre-ch7-040.jpg\" class=\"pix-ombre\"><\/a><\/div><\/div><div><div class=\"pix-masonry-photo\">\r\n                <a href=\"https:\/\/www.hotel-lerguillere.com\/wp-content\/uploads\/2016\/12\/l-erguillere-chambre-ch1-088.jpg\" class=\"ilightbox\" data-caption=\"\">\r\n                    <img decoding=\"async\" src=\"https:\/\/www.hotel-lerguillere.com\/wp-content\/uploads\/2016\/12\/l-erguillere-chambre-ch1-088.jpg\" class=\"pix-ombre\"><\/a><\/div><\/div><div><div class=\"pix-masonry-photo\">\r\n                <a href=\"https:\/\/www.hotel-lerguillere.com\/wp-content\/uploads\/2016\/11\/l-erguillere-chambre-ch5-065.jpg\" class=\"ilightbox\" data-caption=\"\">\r\n                    <img decoding=\"async\" src=\"https:\/\/www.hotel-lerguillere.com\/wp-content\/uploads\/2016\/11\/l-erguillere-chambre-ch5-065.jpg\" class=\"pix-ombre\"><\/a><\/div><\/div><div><div class=\"pix-masonry-photo\">\r\n                <a href=\"https:\/\/www.hotel-lerguillere.com\/wp-content\/uploads\/2016\/11\/l-erguillere-chambre-ch4-027.jpg\" class=\"ilightbox\" data-caption=\"\">\r\n                    <img decoding=\"async\" src=\"https:\/\/www.hotel-lerguillere.com\/wp-content\/uploads\/2016\/11\/l-erguillere-chambre-ch4-027.jpg\" class=\"pix-ombre\"><\/a><\/div><\/div><div><div class=\"pix-masonry-photo\">\r\n                <a href=\"https:\/\/www.hotel-lerguillere.com\/wp-content\/uploads\/2016\/11\/l-erguillere-chambre-ch4-025.jpg\" class=\"ilightbox\" data-caption=\"\">\r\n                    <img decoding=\"async\" src=\"https:\/\/www.hotel-lerguillere.com\/wp-content\/uploads\/2016\/11\/l-erguillere-chambre-ch4-025.jpg\" class=\"pix-ombre\"><\/a><\/div><\/div><div><div class=\"pix-masonry-photo\">\r\n                <a href=\"https:\/\/www.hotel-lerguillere.com\/wp-content\/uploads\/2016\/11\/l-erguillere-chambre-ch3-034.jpg\" class=\"ilightbox\" data-caption=\"\">\r\n                    <img decoding=\"async\" src=\"https:\/\/www.hotel-lerguillere.com\/wp-content\/uploads\/2016\/11\/l-erguillere-chambre-ch3-034.jpg\" class=\"pix-ombre\"><\/a><\/div><\/div><div><div class=\"pix-masonry-photo\">\r\n                <a href=\"https:\/\/www.hotel-lerguillere.com\/wp-content\/uploads\/2016\/11\/l-erguillere-chambre-ch3-023.jpg\" class=\"ilightbox\" data-caption=\"\">\r\n                    <img decoding=\"async\" src=\"https:\/\/www.hotel-lerguillere.com\/wp-content\/uploads\/2016\/11\/l-erguillere-chambre-ch3-023.jpg\" class=\"pix-ombre\"><\/a><\/div><\/div><div><div class=\"pix-masonry-photo\">\r\n                <a href=\"https:\/\/www.hotel-lerguillere.com\/wp-content\/uploads\/2016\/11\/l-erguillere-chambre-ch5-060.jpg\" class=\"ilightbox\" data-caption=\"\">\r\n                    <img decoding=\"async\" src=\"https:\/\/www.hotel-lerguillere.com\/wp-content\/uploads\/2016\/11\/l-erguillere-chambre-ch5-060.jpg\" class=\"pix-ombre\"><\/a><\/div><\/div><div><div class=\"pix-masonry-photo\">\r\n                <a href=\"https:\/\/www.hotel-lerguillere.com\/wp-content\/uploads\/2016\/11\/l-erguillere-chambre-ch6-051.jpg\" class=\"ilightbox\" data-caption=\"\">\r\n                    <img decoding=\"async\" src=\"https:\/\/www.hotel-lerguillere.com\/wp-content\/uploads\/2016\/11\/l-erguillere-chambre-ch6-051.jpg\" class=\"pix-ombre\"><\/a><\/div><\/div><div><div class=\"pix-masonry-photo\">\r\n                <a href=\"https:\/\/www.hotel-lerguillere.com\/wp-content\/uploads\/2016\/11\/l-erguillere-chambre-ch3-013.jpg\" class=\"ilightbox\" data-caption=\"\">\r\n                    <img decoding=\"async\" src=\"https:\/\/www.hotel-lerguillere.com\/wp-content\/uploads\/2016\/11\/l-erguillere-chambre-ch3-013.jpg\" class=\"pix-ombre\"><\/a><\/div><\/div><div><div class=\"pix-masonry-photo\">\r\n                <a href=\"https:\/\/www.hotel-lerguillere.com\/wp-content\/uploads\/2016\/11\/l-erguillere-chambre-ch10-078.jpg\" class=\"ilightbox\" data-caption=\"\">\r\n                    <img decoding=\"async\" src=\"https:\/\/www.hotel-lerguillere.com\/wp-content\/uploads\/2016\/11\/l-erguillere-chambre-ch10-078.jpg\" class=\"pix-ombre\"><\/a><\/div><\/div><div><div class=\"pix-masonry-photo\">\r\n                <a href=\"https:\/\/www.hotel-lerguillere.com\/wp-content\/uploads\/2016\/12\/l-erguillere-chambre-ch1-094.jpg\" class=\"ilightbox\" data-caption=\"\">\r\n                    <img decoding=\"async\" src=\"https:\/\/www.hotel-lerguillere.com\/wp-content\/uploads\/2016\/12\/l-erguillere-chambre-ch1-094.jpg\" class=\"pix-ombre\"><\/a><\/div><\/div><div><div class=\"pix-masonry-photo\">\r\n                <a href=\"https:\/\/www.hotel-lerguillere.com\/wp-content\/uploads\/2016\/11\/l-erguillere-chambre-ch9-070.jpg\" class=\"ilightbox\" data-caption=\"\">\r\n                    <img decoding=\"async\" src=\"https:\/\/www.hotel-lerguillere.com\/wp-content\/uploads\/2016\/11\/l-erguillere-chambre-ch9-070.jpg\" class=\"pix-ombre\"><\/a><\/div><\/div><div><div class=\"pix-masonry-photo\">\r\n                <a href=\"https:\/\/www.hotel-lerguillere.com\/wp-content\/uploads\/2016\/12\/l-erguillere-chambre-ch1-087.jpg\" class=\"ilightbox\" data-caption=\"\">\r\n                    <img decoding=\"async\" src=\"https:\/\/www.hotel-lerguillere.com\/wp-content\/uploads\/2016\/12\/l-erguillere-chambre-ch1-087.jpg\" class=\"pix-ombre\"><\/a><\/div><\/div><\/div><\/div>\n<\/div><\/div><\/div><div class=\"fusion-clearfix\"><\/div><\/div><\/div><\/div><\/div><div class=\"fusion-fullwidth fullwidth-box fusion-builder-row-2 fusion-parallax-none nonhundred-percent-fullwidth non-hundred-percent-height-scrolling pix-bandeauphoto-bottom\" style=\"--awb-border-color:transparent;--awb-border-radius-top-left:0px;--awb-border-radius-top-right:0px;--awb-border-radius-bottom-right:0px;--awb-border-radius-bottom-left:0px;--awb-padding-top:110px;--awb-padding-bottom:110px;--awb-margin-bottom:0px;--awb-background-image:url(&quot;https:\/\/www.hotel-lerguillere.com\/wp-content\/uploads\/2016\/12\/chambre-prevert.jpg&quot;);--awb-background-size:cover;--awb-border-sizes-top:0px;--awb-border-sizes-bottom:0px;--awb-flex-wrap:wrap;\" ><div class=\"fusion-builder-row fusion-row\"><div class=\"fusion-layout-column fusion_builder_column fusion-builder-column-2 fusion_builder_column_1_1 1_1 fusion-one-full fusion-column-first fusion-column-last fusion-column-no-min-height\" style=\"--awb-bg-size:cover;--awb-margin-bottom:0px;\"><div class=\"fusion-column-wrapper fusion-flex-column-wrapper-legacy\"><div class=\"fusion-text fusion-text-3\"><div style=\"color: #ffffff; font-size: 30px; letter-spacing: 2px; font-style: italic;\">&#8220;Mais dans tes yeux entrouverts&#8221; (But in your half-open eyes)<br \/>\nDeux petites vagues sont rest\u00e9es&#8221; (Two tiny waves are still there)<br \/>\nJacques Pr\u00e9vert<\/div>\n<\/div><div class=\"fusion-clearfix\"><\/div><\/div><\/div><\/div><\/div><\/p>\n","protected":false},"excerpt":{"rendered":"","protected":false},"author":1,"featured_media":0,"parent":0,"menu_order":2,"comment_status":"closed","ping_status":"closed","template":"100-width.php","meta":{"footnotes":""},"class_list":["post-1259","page","type-page","status-publish","hentry"],"yoast_head":"<!-- This site is optimized with the Yoast SEO plugin v27.5 - https:\/\/yoast.com\/product\/yoast-seo-wordpress\/ -->\n<title>Book a room on the seafront at the charming Hotel L&#039;Erguill\u00e8re<\/title>\n<meta name=\"description\" content=\"Looking for a hotel room on the seafront in the Cotentin region? The 3-star Hotel L&#039;Erguill\u00e8re welcomes you for your stay in Normandy.\" \/>\n<meta name=\"robots\" content=\"index, follow, max-snippet:-1, max-image-preview:large, max-video-preview:-1\" \/>\n<link rel=\"canonical\" href=\"https:\/\/www.hotel-lerguillere.com\/en\/bedrooms-seafront-cotentin\/\" \/>\n<meta property=\"og:locale\" content=\"en_US\" \/>\n<meta property=\"og:type\" content=\"article\" \/>\n<meta property=\"og:title\" content=\"Book a room on the seafront at the charming Hotel L&#039;Erguill\u00e8re\" \/>\n<meta property=\"og:description\" content=\"Looking for a hotel room on the seafront in the Cotentin region? The 3-star Hotel L&#039;Erguill\u00e8re welcomes you for your stay in Normandy.\" \/>\n<meta property=\"og:url\" content=\"https:\/\/www.hotel-lerguillere.com\/en\/bedrooms-seafront-cotentin\/\" \/>\n<meta property=\"og:site_name\" content=\"H\u00f4tel L&#039;Erguill\u00e8re\" \/>\n<meta property=\"article:modified_time\" content=\"2017-03-14T18:08:30+00:00\" \/>\n<meta name=\"twitter:card\" content=\"summary_large_image\" \/>\n<meta name=\"twitter:label1\" content=\"Est. reading time\" \/>\n\t<meta name=\"twitter:data1\" content=\"2 minutes\" \/>\n<script type=\"application\/ld+json\" class=\"yoast-schema-graph\">{\"@context\":\"https:\\\/\\\/schema.org\",\"@graph\":[{\"@type\":\"WebPage\",\"@id\":\"https:\\\/\\\/www.hotel-lerguillere.com\\\/en\\\/bedrooms-seafront-cotentin\\\/\",\"url\":\"https:\\\/\\\/www.hotel-lerguillere.com\\\/en\\\/bedrooms-seafront-cotentin\\\/\",\"name\":\"Book a room on the seafront at the charming Hotel L'Erguill\u00e8re\",\"isPartOf\":{\"@id\":\"https:\\\/\\\/www.hotel-lerguillere.com\\\/#website\"},\"datePublished\":\"2017-03-14T16:05:14+00:00\",\"dateModified\":\"2017-03-14T18:08:30+00:00\",\"description\":\"Looking for a hotel room on the seafront in the Cotentin region? The 3-star Hotel L'Erguill\u00e8re welcomes you for your stay in Normandy.\",\"breadcrumb\":{\"@id\":\"https:\\\/\\\/www.hotel-lerguillere.com\\\/en\\\/bedrooms-seafront-cotentin\\\/#breadcrumb\"},\"inLanguage\":\"en-US\",\"potentialAction\":[{\"@type\":\"ReadAction\",\"target\":[\"https:\\\/\\\/www.hotel-lerguillere.com\\\/en\\\/bedrooms-seafront-cotentin\\\/\"]}]},{\"@type\":\"BreadcrumbList\",\"@id\":\"https:\\\/\\\/www.hotel-lerguillere.com\\\/en\\\/bedrooms-seafront-cotentin\\\/#breadcrumb\",\"itemListElement\":[{\"@type\":\"ListItem\",\"position\":1,\"name\":\"Accueil\",\"item\":\"https:\\\/\\\/www.hotel-lerguillere.com\\\/en\\\/\"},{\"@type\":\"ListItem\",\"position\":2,\"name\":\"Bedrooms\"}]},{\"@type\":\"WebSite\",\"@id\":\"https:\\\/\\\/www.hotel-lerguillere.com\\\/#website\",\"url\":\"https:\\\/\\\/www.hotel-lerguillere.com\\\/\",\"name\":\"H\u00f4tel L&#039;Erguill\u00e8re\",\"description\":\"H\u00f4tel, Bar et Salon de th\u00e9 dans le Cotentin\",\"potentialAction\":[{\"@type\":\"SearchAction\",\"target\":{\"@type\":\"EntryPoint\",\"urlTemplate\":\"https:\\\/\\\/www.hotel-lerguillere.com\\\/?s={search_term_string}\"},\"query-input\":{\"@type\":\"PropertyValueSpecification\",\"valueRequired\":true,\"valueName\":\"search_term_string\"}}],\"inLanguage\":\"en-US\"}]}<\/script>\n<!-- \/ Yoast SEO plugin. -->","yoast_head_json":{"title":"Book a room on the seafront at the charming Hotel L'Erguill\u00e8re","description":"Looking for a hotel room on the seafront in the Cotentin region? The 3-star Hotel L'Erguill\u00e8re welcomes you for your stay in Normandy.","robots":{"index":"index","follow":"follow","max-snippet":"max-snippet:-1","max-image-preview":"max-image-preview:large","max-video-preview":"max-video-preview:-1"},"canonical":"https:\/\/www.hotel-lerguillere.com\/en\/bedrooms-seafront-cotentin\/","og_locale":"en_US","og_type":"article","og_title":"Book a room on the seafront at the charming Hotel L'Erguill\u00e8re","og_description":"Looking for a hotel room on the seafront in the Cotentin region? The 3-star Hotel L'Erguill\u00e8re welcomes you for your stay in Normandy.","og_url":"https:\/\/www.hotel-lerguillere.com\/en\/bedrooms-seafront-cotentin\/","og_site_name":"H\u00f4tel L&#039;Erguill\u00e8re","article_modified_time":"2017-03-14T18:08:30+00:00","twitter_card":"summary_large_image","twitter_misc":{"Est. reading time":"2 minutes"},"schema":{"@context":"https:\/\/schema.org","@graph":[{"@type":"WebPage","@id":"https:\/\/www.hotel-lerguillere.com\/en\/bedrooms-seafront-cotentin\/","url":"https:\/\/www.hotel-lerguillere.com\/en\/bedrooms-seafront-cotentin\/","name":"Book a room on the seafront at the charming Hotel L'Erguill\u00e8re","isPartOf":{"@id":"https:\/\/www.hotel-lerguillere.com\/#website"},"datePublished":"2017-03-14T16:05:14+00:00","dateModified":"2017-03-14T18:08:30+00:00","description":"Looking for a hotel room on the seafront in the Cotentin region? The 3-star Hotel L'Erguill\u00e8re welcomes you for your stay in Normandy.","breadcrumb":{"@id":"https:\/\/www.hotel-lerguillere.com\/en\/bedrooms-seafront-cotentin\/#breadcrumb"},"inLanguage":"en-US","potentialAction":[{"@type":"ReadAction","target":["https:\/\/www.hotel-lerguillere.com\/en\/bedrooms-seafront-cotentin\/"]}]},{"@type":"BreadcrumbList","@id":"https:\/\/www.hotel-lerguillere.com\/en\/bedrooms-seafront-cotentin\/#breadcrumb","itemListElement":[{"@type":"ListItem","position":1,"name":"Accueil","item":"https:\/\/www.hotel-lerguillere.com\/en\/"},{"@type":"ListItem","position":2,"name":"Bedrooms"}]},{"@type":"WebSite","@id":"https:\/\/www.hotel-lerguillere.com\/#website","url":"https:\/\/www.hotel-lerguillere.com\/","name":"H\u00f4tel L&#039;Erguill\u00e8re","description":"H\u00f4tel, Bar et Salon de th\u00e9 dans le Cotentin","potentialAction":[{"@type":"SearchAction","target":{"@type":"EntryPoint","urlTemplate":"https:\/\/www.hotel-lerguillere.com\/?s={search_term_string}"},"query-input":{"@type":"PropertyValueSpecification","valueRequired":true,"valueName":"search_term_string"}}],"inLanguage":"en-US"}]}},"_links":{"self":[{"href":"https:\/\/www.hotel-lerguillere.com\/en\/wp-json\/wp\/v2\/pages\/1259","targetHints":{"allow":["GET"]}}],"collection":[{"href":"https:\/\/www.hotel-lerguillere.com\/en\/wp-json\/wp\/v2\/pages"}],"about":[{"href":"https:\/\/www.hotel-lerguillere.com\/en\/wp-json\/wp\/v2\/types\/page"}],"author":[{"embeddable":true,"href":"https:\/\/www.hotel-lerguillere.com\/en\/wp-json\/wp\/v2\/users\/1"}],"replies":[{"embeddable":true,"href":"https:\/\/www.hotel-lerguillere.com\/en\/wp-json\/wp\/v2\/comments?post=1259"}],"version-history":[{"count":8,"href":"https:\/\/www.hotel-lerguillere.com\/en\/wp-json\/wp\/v2\/pages\/1259\/revisions"}],"predecessor-version":[{"id":1346,"href":"https:\/\/www.hotel-lerguillere.com\/en\/wp-json\/wp\/v2\/pages\/1259\/revisions\/1346"}],"wp:attachment":[{"href":"https:\/\/www.hotel-lerguillere.com\/en\/wp-json\/wp\/v2\/media?parent=1259"}],"curies":[{"name":"wp","href":"https:\/\/api.w.org\/{rel}","templated":true}]}}