{"id":1250,"date":"2017-03-14T16:30:40","date_gmt":"2017-03-14T15:30:40","guid":{"rendered":"https:\/\/www.hotel-lerguillere.com\/?page_id=1250"},"modified":"2023-02-02T19:10:45","modified_gmt":"2023-02-02T18:10:45","slug":"booking-l-erguillere-la-hague","status":"publish","type":"page","link":"https:\/\/www.hotel-lerguillere.com\/en\/booking-l-erguillere-la-hague\/","title":{"rendered":"Prices &#038; Booking"},"content":{"rendered":"<p><div class=\"fusion-fullwidth fullwidth-box fusion-builder-row-1 nonhundred-percent-fullwidth non-hundred-percent-height-scrolling\" style=\"--awb-border-radius-top-left:0px;--awb-border-radius-top-right:0px;--awb-border-radius-bottom-right:0px;--awb-border-radius-bottom-left:0px;--awb-flex-wrap:wrap;\" ><div class=\"fusion-builder-row fusion-row\"><div class=\"fusion-layout-column fusion_builder_column fusion-builder-column-0 fusion_builder_column_1_1 1_1 fusion-one-full fusion-column-first fusion-column-last\" style=\"--awb-bg-size:cover;\"><div class=\"fusion-column-wrapper fusion-flex-column-wrapper-legacy\"><div class=\"fusion-column-content-centered\"><div class=\"fusion-column-content\"><div class=\"fusion-title title fusion-title-1 fusion-sep-none fusion-title-text fusion-title-size-one pix-titre\" style=\"--awb-margin-top-small:10px;--awb-margin-right-small:0px;--awb-margin-bottom-small:10px;--awb-margin-left-small:0px;\"><h1 class=\"fusion-title-heading title-heading-left fusion-responsive-typography-calculated\" style=\"margin:0;--fontSize:40;line-height:1.33;\"><h1>Prices<\/h1><\/h1><\/div><div class=\"fusion-text fusion-text-1\"><p>At L&#8217;Erguill\u00e8re the prices of the rooms vary from 120.00 \u20ac to 185 \u20ac depending on the period chosen and the type of room. Select a date and click on the &#8220;Search&#8221; button to get a more precise rate.<\/p>\n<p>The price of breakfast is \u20ac19.50, it is served every day from 8.30 a.m. in the room facing the sea, in your room if you wish and on the terrace above Port Racine if the weather permits. It is not necessary to book it before your arrival.<\/p>\n<p>We accept animals with a supplement of 15.00 \u20ac per night. We do not have a PMR room, all the hotel rooms are located on the first floor of the establishment and are accessible by a staircase.<\/p>\n<\/div><\/div><\/div><div class=\"fusion-clearfix\"><\/div><\/div><\/div><div class=\"fusion-layout-column fusion_builder_column fusion-builder-column-1 fusion_builder_column_1_1 1_1 fusion-one-full fusion-column-first fusion-column-last\" style=\"--awb-bg-size:cover;--awb-margin-top:40px;\"><div class=\"fusion-column-wrapper fusion-flex-column-wrapper-legacy\"><div class=\"fusion-title title fusion-title-2 fusion-sep-none fusion-title-text fusion-title-size-one\" style=\"--awb-margin-top-small:10px;--awb-margin-right-small:0px;--awb-margin-bottom-small:10px;--awb-margin-left-small:0px;\"><h1 class=\"fusion-title-heading title-heading-left fusion-responsive-typography-calculated\" style=\"margin:0;--fontSize:40;line-height:1.33;\"><h2>Frequently asked questions \u2013 Booking on line<\/h2><\/h1><\/div><div class=\"fusion-text fusion-text-2\"><h3>Why do I have to pay a deposit when booking?<\/h3>\n<p>The hotel has a limited number of rooms, and being located &#8220;at the end of the world&#8221;, it is difficult for us to rebook the rooms quickly. People visiting the north Cotentin region plan their stays in advance.<\/p>\n<h3 data-fontsize=\"30\" data-lineheight=\"37\">What types of payment are accepted?<\/h3>\n<p>When booking on line, payment is made by credit card. At the hotel, we accept cash, cheques, Visa and MasterCard.<\/p>\n<h3 data-fontsize=\"30\" data-lineheight=\"37\">If I have a special request, when should I make it?<\/h3>\n<p>When booking on line, you cannot add comments. However, you can use the <a href=\"https:\/\/www.hotel-lerguillere.com\/plan-contact\/\">formulaire de contact<\/a>. In this case, include your booking reference and the dates of your stay in the message. We will process your request within the shortest delays.<\/p>\n<\/div><div class=\"fusion-clearfix\"><\/div><\/div><\/div><div class=\"fusion-layout-column fusion_builder_column fusion-builder-column-2 fusion_builder_column_1_1 1_1 fusion-one-full fusion-column-first fusion-column-last pix-l\" style=\"--awb-bg-size:cover;\"><div class=\"fusion-column-wrapper fusion-flex-column-wrapper-legacy\"><div class=\"fusion-column-content-centered\"><div class=\"fusion-column-content\"><div class=\"fusion-title title fusion-title-3 fusion-sep-none fusion-title-text fusion-title-size-one pix-titre\" style=\"--awb-margin-top-small:10px;--awb-margin-right-small:0px;--awb-margin-bottom-small:10px;--awb-margin-left-small:0px;\"><h1 class=\"fusion-title-heading title-heading-left fusion-responsive-typography-calculated\" style=\"margin:0;--fontSize:40;line-height:1.33;\"><h1>Booking<\/h1><\/h1><\/div><div class=\"fusion-text fusion-text-3\"><p>Book a room at hotel l&#8217;Erguill\u00e8re<\/p>\n<\/div><script type=\"text\/javascript\" src=\"https:\/\/gadget.open-system.fr\/widgets-libs\/rel\/noyau-1.0.min.js\"><\/script>\n<script type=\"text\/javascript\">\n( function() {\n\tvar widgetProduit = AllianceReseaux.Widget.Instance( \"Produit\", { idPanier:\"VHNUVFQ\", idIntegration:306, langue:\"uk\", ui:\"OSHO-62691\" } );\n\twidgetProduit.Initialise();\n})();\n<\/script>\n\n<div id=\"widget-produit-OSHO-62691\"><\/div><\/div><\/div><div class=\"fusion-clearfix\"><\/div><\/div><\/div><\/div><\/div><div class=\"fusion-fullwidth fullwidth-box fusion-builder-row-2 nonhundred-percent-fullwidth non-hundred-percent-height-scrolling\" style=\"--awb-border-radius-top-left:0px;--awb-border-radius-top-right:0px;--awb-border-radius-bottom-right:0px;--awb-border-radius-bottom-left:0px;--awb-flex-wrap:wrap;\" ><div class=\"fusion-builder-row fusion-row\"><\/div><\/div><div class=\"fusion-fullwidth fullwidth-box fusion-builder-row-3 fusion-parallax-none nonhundred-percent-fullwidth non-hundred-percent-height-scrolling pix-bandeauphoto-bottom\" style=\"--awb-border-sizes-top:0px;--awb-border-sizes-bottom:0px;--awb-border-sizes-left:0px;--awb-border-sizes-right:0px;--awb-border-color:transparent;--awb-border-radius-top-left:0px;--awb-border-radius-top-right:0px;--awb-border-radius-bottom-right:0px;--awb-border-radius-bottom-left:0px;--awb-padding-top:110px;--awb-padding-bottom:110px;--awb-background-image:url(&quot;https:\/\/www.hotel-lerguillere.com\/wp-content\/uploads\/2016\/12\/petits-dejeuners.jpg&quot;);--awb-background-size:cover;--awb-flex-wrap:wrap;\" ><div class=\"fusion-builder-row fusion-row\"><div class=\"fusion-layout-column fusion_builder_column fusion-builder-column-3 fusion_builder_column_1_1 1_1 fusion-one-full fusion-column-first fusion-column-last fusion-column-no-min-height\" style=\"--awb-bg-size:cover;--awb-margin-bottom:0px;\"><div class=\"fusion-column-wrapper fusion-flex-column-wrapper-legacy\"><div class=\"fusion-text fusion-text-4\"><h4><span style=\"color: #ffffff; font-size: 30px; letter-spacing: 2px; font-style: italic;\">&#8220;An enchanting break is waiting for you&#8221;<\/span><\/h4>\n<\/div><div class=\"fusion-clearfix\"><\/div><\/div><\/div><\/div><\/div><\/p>\n","protected":false},"excerpt":{"rendered":"","protected":false},"author":1,"featured_media":0,"parent":0,"menu_order":0,"comment_status":"closed","ping_status":"closed","template":"100-width.php","meta":{"footnotes":""},"class_list":["post-1250","page","type-page","status-publish","hentry"],"yoast_head":"<!-- This site is optimized with the Yoast SEO plugin v27.5 - https:\/\/yoast.com\/product\/yoast-seo-wordpress\/ -->\n<title>Book a charming hotel in La Hague - Hotel L&#039;Erguill\u00e8re \u2013 Cotentin<\/title>\n<meta name=\"description\" content=\"Hotel L&#039;Erguill\u00e8re, 3-star charming hotel in the Cotentin region of Normandy, near the Cap de la Hague, Port Racine and Cherbourg. Tea Room\" \/>\n<meta name=\"robots\" content=\"index, follow, max-snippet:-1, max-image-preview:large, max-video-preview:-1\" \/>\n<link rel=\"canonical\" href=\"https:\/\/www.hotel-lerguillere.com\/en\/booking-l-erguillere-la-hague\/\" \/>\n<meta property=\"og:locale\" content=\"en_US\" \/>\n<meta property=\"og:type\" content=\"article\" \/>\n<meta property=\"og:title\" content=\"Book a charming hotel in La Hague - Hotel L&#039;Erguill\u00e8re \u2013 Cotentin\" \/>\n<meta property=\"og:description\" content=\"Hotel L&#039;Erguill\u00e8re, 3-star charming hotel in the Cotentin region of Normandy, near the Cap de la Hague, Port Racine and Cherbourg. Tea Room\" \/>\n<meta property=\"og:url\" content=\"https:\/\/www.hotel-lerguillere.com\/en\/booking-l-erguillere-la-hague\/\" \/>\n<meta property=\"og:site_name\" content=\"H\u00f4tel L&#039;Erguill\u00e8re\" \/>\n<meta property=\"article:modified_time\" content=\"2023-02-02T18:10:45+00:00\" \/>\n<meta name=\"twitter:card\" content=\"summary_large_image\" \/>\n<meta name=\"twitter:label1\" content=\"Est. reading time\" \/>\n\t<meta name=\"twitter:data1\" content=\"3 minutes\" \/>\n<script type=\"application\/ld+json\" class=\"yoast-schema-graph\">{\"@context\":\"https:\\\/\\\/schema.org\",\"@graph\":[{\"@type\":\"WebPage\",\"@id\":\"https:\\\/\\\/www.hotel-lerguillere.com\\\/en\\\/booking-l-erguillere-la-hague\\\/\",\"url\":\"https:\\\/\\\/www.hotel-lerguillere.com\\\/en\\\/booking-l-erguillere-la-hague\\\/\",\"name\":\"Book a charming hotel in La Hague - Hotel L'Erguill\u00e8re \u2013 Cotentin\",\"isPartOf\":{\"@id\":\"https:\\\/\\\/www.hotel-lerguillere.com\\\/#website\"},\"datePublished\":\"2017-03-14T15:30:40+00:00\",\"dateModified\":\"2023-02-02T18:10:45+00:00\",\"description\":\"Hotel L'Erguill\u00e8re, 3-star charming hotel in the Cotentin region of Normandy, near the Cap de la Hague, Port Racine and Cherbourg. Tea Room\",\"breadcrumb\":{\"@id\":\"https:\\\/\\\/www.hotel-lerguillere.com\\\/en\\\/booking-l-erguillere-la-hague\\\/#breadcrumb\"},\"inLanguage\":\"en-US\",\"potentialAction\":[{\"@type\":\"ReadAction\",\"target\":[\"https:\\\/\\\/www.hotel-lerguillere.com\\\/en\\\/booking-l-erguillere-la-hague\\\/\"]}]},{\"@type\":\"BreadcrumbList\",\"@id\":\"https:\\\/\\\/www.hotel-lerguillere.com\\\/en\\\/booking-l-erguillere-la-hague\\\/#breadcrumb\",\"itemListElement\":[{\"@type\":\"ListItem\",\"position\":1,\"name\":\"Accueil\",\"item\":\"https:\\\/\\\/www.hotel-lerguillere.com\\\/en\\\/\"},{\"@type\":\"ListItem\",\"position\":2,\"name\":\"Prices &#038; Booking\"}]},{\"@type\":\"WebSite\",\"@id\":\"https:\\\/\\\/www.hotel-lerguillere.com\\\/#website\",\"url\":\"https:\\\/\\\/www.hotel-lerguillere.com\\\/\",\"name\":\"H\u00f4tel L&#039;Erguill\u00e8re\",\"description\":\"H\u00f4tel, Bar et Salon de th\u00e9 dans le Cotentin\",\"potentialAction\":[{\"@type\":\"SearchAction\",\"target\":{\"@type\":\"EntryPoint\",\"urlTemplate\":\"https:\\\/\\\/www.hotel-lerguillere.com\\\/?s={search_term_string}\"},\"query-input\":{\"@type\":\"PropertyValueSpecification\",\"valueRequired\":true,\"valueName\":\"search_term_string\"}}],\"inLanguage\":\"en-US\"}]}<\/script>\n<!-- \/ Yoast SEO plugin. -->","yoast_head_json":{"title":"Book a charming hotel in La Hague - Hotel L'Erguill\u00e8re \u2013 Cotentin","description":"Hotel L'Erguill\u00e8re, 3-star charming hotel in the Cotentin region of Normandy, near the Cap de la Hague, Port Racine and Cherbourg. Tea Room","robots":{"index":"index","follow":"follow","max-snippet":"max-snippet:-1","max-image-preview":"max-image-preview:large","max-video-preview":"max-video-preview:-1"},"canonical":"https:\/\/www.hotel-lerguillere.com\/en\/booking-l-erguillere-la-hague\/","og_locale":"en_US","og_type":"article","og_title":"Book a charming hotel in La Hague - Hotel L'Erguill\u00e8re \u2013 Cotentin","og_description":"Hotel L'Erguill\u00e8re, 3-star charming hotel in the Cotentin region of Normandy, near the Cap de la Hague, Port Racine and Cherbourg. Tea Room","og_url":"https:\/\/www.hotel-lerguillere.com\/en\/booking-l-erguillere-la-hague\/","og_site_name":"H\u00f4tel L&#039;Erguill\u00e8re","article_modified_time":"2023-02-02T18:10:45+00:00","twitter_card":"summary_large_image","twitter_misc":{"Est. reading time":"3 minutes"},"schema":{"@context":"https:\/\/schema.org","@graph":[{"@type":"WebPage","@id":"https:\/\/www.hotel-lerguillere.com\/en\/booking-l-erguillere-la-hague\/","url":"https:\/\/www.hotel-lerguillere.com\/en\/booking-l-erguillere-la-hague\/","name":"Book a charming hotel in La Hague - Hotel L'Erguill\u00e8re \u2013 Cotentin","isPartOf":{"@id":"https:\/\/www.hotel-lerguillere.com\/#website"},"datePublished":"2017-03-14T15:30:40+00:00","dateModified":"2023-02-02T18:10:45+00:00","description":"Hotel L'Erguill\u00e8re, 3-star charming hotel in the Cotentin region of Normandy, near the Cap de la Hague, Port Racine and Cherbourg. Tea Room","breadcrumb":{"@id":"https:\/\/www.hotel-lerguillere.com\/en\/booking-l-erguillere-la-hague\/#breadcrumb"},"inLanguage":"en-US","potentialAction":[{"@type":"ReadAction","target":["https:\/\/www.hotel-lerguillere.com\/en\/booking-l-erguillere-la-hague\/"]}]},{"@type":"BreadcrumbList","@id":"https:\/\/www.hotel-lerguillere.com\/en\/booking-l-erguillere-la-hague\/#breadcrumb","itemListElement":[{"@type":"ListItem","position":1,"name":"Accueil","item":"https:\/\/www.hotel-lerguillere.com\/en\/"},{"@type":"ListItem","position":2,"name":"Prices &#038; Booking"}]},{"@type":"WebSite","@id":"https:\/\/www.hotel-lerguillere.com\/#website","url":"https:\/\/www.hotel-lerguillere.com\/","name":"H\u00f4tel L&#039;Erguill\u00e8re","description":"H\u00f4tel, Bar et Salon de th\u00e9 dans le Cotentin","potentialAction":[{"@type":"SearchAction","target":{"@type":"EntryPoint","urlTemplate":"https:\/\/www.hotel-lerguillere.com\/?s={search_term_string}"},"query-input":{"@type":"PropertyValueSpecification","valueRequired":true,"valueName":"search_term_string"}}],"inLanguage":"en-US"}]}},"_links":{"self":[{"href":"https:\/\/www.hotel-lerguillere.com\/en\/wp-json\/wp\/v2\/pages\/1250","targetHints":{"allow":["GET"]}}],"collection":[{"href":"https:\/\/www.hotel-lerguillere.com\/en\/wp-json\/wp\/v2\/pages"}],"about":[{"href":"https:\/\/www.hotel-lerguillere.com\/en\/wp-json\/wp\/v2\/types\/page"}],"author":[{"embeddable":true,"href":"https:\/\/www.hotel-lerguillere.com\/en\/wp-json\/wp\/v2\/users\/1"}],"replies":[{"embeddable":true,"href":"https:\/\/www.hotel-lerguillere.com\/en\/wp-json\/wp\/v2\/comments?post=1250"}],"version-history":[{"count":21,"href":"https:\/\/www.hotel-lerguillere.com\/en\/wp-json\/wp\/v2\/pages\/1250\/revisions"}],"predecessor-version":[{"id":1644,"href":"https:\/\/www.hotel-lerguillere.com\/en\/wp-json\/wp\/v2\/pages\/1250\/revisions\/1644"}],"wp:attachment":[{"href":"https:\/\/www.hotel-lerguillere.com\/en\/wp-json\/wp\/v2\/media?parent=1250"}],"curies":[{"name":"wp","href":"https:\/\/api.w.org\/{rel}","templated":true}]}}