{"id":1246,"date":"2017-03-14T16:23:09","date_gmt":"2017-03-14T15:23:09","guid":{"rendered":"https:\/\/www.hotel-lerguillere.com\/?page_id=1246"},"modified":"2017-03-15T10:36:27","modified_gmt":"2017-03-15T09:36:27","slug":"lerguillere-hotel-bar-tea-room-in-hague","status":"publish","type":"page","link":"https:\/\/www.hotel-lerguillere.com\/en\/","title":{"rendered":"L&#8217;Erguill\u00e8re &#8211; Hotel, bar, tea room in la Hague"},"content":{"rendered":"<p><div class=\"fusion-fullwidth fullwidth-box fusion-builder-row-1 nonhundred-percent-fullwidth non-hundred-percent-height-scrolling pix-l\" style=\"--awb-border-radius-top-left:0px;--awb-border-radius-top-right:0px;--awb-border-radius-bottom-right:0px;--awb-border-radius-bottom-left:0px;--awb-flex-wrap:wrap;\" ><div class=\"fusion-builder-row fusion-row\"><div class=\"fusion-layout-column fusion_builder_column fusion-builder-column-0 fusion_builder_column_1_1 1_1 fusion-one-full fusion-column-first fusion-column-last\" style=\"--awb-padding-top:80px;--awb-padding-bottom:80px;--awb-bg-size:cover;\"><div class=\"fusion-column-wrapper fusion-flex-column-wrapper-legacy\"><div class=\"fusion-column-content-centered\"><div class=\"fusion-column-content\"><div class=\"fusion-title title fusion-title-1 fusion-sep-none fusion-title-center fusion-title-text fusion-title-size-one pix-titre\" style=\"--awb-margin-top-small:10px;--awb-margin-right-small:0px;--awb-margin-bottom-small:10px;--awb-margin-left-small:0px;\"><h1 class=\"fusion-title-heading title-heading-center fusion-responsive-typography-calculated\" style=\"margin:0;--fontSize:40;line-height:1.33;\"><h1>L\u2019Erguill\u00e8re: a hotel in a natural and exceptional setting<\/h1><\/h1><\/div><div class=\"fusion-text fusion-text-1\"><p style=\"text-align: center;\">Discover <strong>L&#8217;Erguill\u00e8re<\/strong> at the tip of Hague, overlooking the Saint Martin cove. Due to a natural and exceptional setting, this 3-star hotel at the end of the world is a privileged destination to enjoy the pleasures of the tides, sea spray, sun and wind. The omnipresent sea, Port Racine at the bottom of the garden, the terrace bathed by the morning sun, time stands still in this idyllic setting\u2026<\/p>\n<p style=\"text-align: center;\">The atmosphere inside the hotel is chic and relaxed, the welcome is attentive, warm and friendly.<\/p>\n<p style=\"text-align: center;\">At your disposal: nine charming bedrooms, a cosy lounge and a modern bar overlooking the sea through a large bay window.<\/p>\n<p style=\"text-align: center;\">Hotel <strong>L\u2019Erguill\u00e8re<\/strong> is an ideal lookout station where, comfortably seated in relaxing loom armchairs, you will take a cup of tea and surrender to the pleasures of &#8220;home made&#8221; cakes with flavours from the past, or enjoy the fireplace in the large breakfast room.<\/p>\n<p style=\"text-align: center;\"><a class=\"pix-btn pix-btn-accueil\" href=\"https:\/\/www.hotel-lerguillere.com\/en\/booking-l-erguillere-la-hague\/\">Prices &amp; Booking<\/a><\/p>\n<\/div><\/div><\/div><div class=\"fusion-clearfix\"><\/div><\/div><\/div><\/div><\/div><div class=\"fusion-bg-parallax\" data-bg-align=\"left bottom\" data-direction=\"left\" data-mute=\"false\" data-opacity=\"100\" data-velocity=\"-0.7\" data-mobile-enabled=\"false\" data-break_parents=\"0\" data-bg-image=\"https:\/\/www.hotel-lerguillere.com\/wp-content\/uploads\/2016\/11\/chambre2.jpg\" data-bg-repeat=\"false\" ><\/div><div class=\"fusion-fullwidth fullwidth-box fusion-builder-row-2 fusion-parallax-left nonhundred-percent-fullwidth non-hundred-percent-height-scrolling pix-titres-photos-accueil\" style=\"--awb-background-position:left bottom;--awb-border-color:transparent;--awb-border-radius-top-left:0px;--awb-border-radius-top-right:0px;--awb-border-radius-bottom-right:0px;--awb-border-radius-bottom-left:0px;--awb-padding-top:110px;--awb-padding-bottom:110px;--awb-background-image:url(&quot;https:\/\/www.hotel-lerguillere.com\/wp-content\/uploads\/2016\/11\/chambre2.jpg&quot;);--awb-background-size:cover;--awb-border-sizes-top:0px;--awb-border-sizes-bottom:0px;--awb-flex-wrap:wrap;\" ><div class=\"fusion-builder-row fusion-row\"><div class=\"fusion-layout-column fusion_builder_column fusion-builder-column-1 fusion_builder_column_1_1 1_1 fusion-one-full fusion-column-first fusion-column-last fusion-column-no-min-height fusion-column-inner-bg-wrapper\" style=\"--awb-inner-bg-size:cover;--awb-margin-bottom:0px;\"><span class=\"fusion-column-inner-bg hover-type-none\"><a class=\"fusion-column-anchor\" href=\"https:\/\/www.hotel-lerguillere.com\/en\/bedrooms-seafront-cotentin\/\"><span class=\"fusion-column-inner-bg-image\"><\/span><\/a><\/span><div class=\"fusion-column-wrapper fusion-flex-column-wrapper-legacy\"><div class=\"fusion-text fusion-text-2\"><h4>BEDROOMS<\/h4>\n<\/div><div class=\"fusion-clearfix\"><\/div><\/div><\/div><\/div><\/div><div class=\"fusion-bg-parallax\" data-bg-align=\"center top\" data-direction=\"right\" data-mute=\"false\" data-opacity=\"100\" data-velocity=\"-0.7\" data-mobile-enabled=\"false\" data-break_parents=\"0\" data-bg-image=\"https:\/\/www.hotel-lerguillere.com\/wp-content\/uploads\/2016\/11\/bar-1.jpg\" data-bg-repeat=\"false\" ><\/div><div class=\"fusion-fullwidth fullwidth-box fusion-builder-row-3 fusion-parallax-right nonhundred-percent-fullwidth non-hundred-percent-height-scrolling pix-titres-photos-accueil\" style=\"--awb-background-position:center top;--awb-border-color:transparent;--awb-border-radius-top-left:0px;--awb-border-radius-top-right:0px;--awb-border-radius-bottom-right:0px;--awb-border-radius-bottom-left:0px;--awb-padding-top:110px;--awb-padding-bottom:110px;--awb-background-image:url(&quot;https:\/\/www.hotel-lerguillere.com\/wp-content\/uploads\/2016\/11\/bar-1.jpg&quot;);--awb-background-size:cover;--awb-border-sizes-top:0px;--awb-border-sizes-bottom:0px;--awb-flex-wrap:wrap;\" ><div class=\"fusion-builder-row fusion-row\"><div class=\"fusion-layout-column fusion_builder_column fusion-builder-column-2 fusion_builder_column_1_1 1_1 fusion-one-full fusion-column-first fusion-column-last fusion-column-no-min-height fusion-column-inner-bg-wrapper\" style=\"--awb-inner-bg-size:cover;--awb-margin-bottom:0px;\"><span class=\"fusion-column-inner-bg hover-type-none\"><a class=\"fusion-column-anchor\" href=\"https:\/\/www.hotel-lerguillere.com\/en\/the-tea-room-hotel-hague-cotentin\/\"><span class=\"fusion-column-inner-bg-image\"><\/span><\/a><\/span><div class=\"fusion-column-wrapper fusion-flex-column-wrapper-legacy\"><div class=\"fusion-text fusion-text-3\"><h4>TEA ROOM<\/h4>\n<\/div><div class=\"fusion-clearfix\"><\/div><\/div><\/div><\/div><\/div><div class=\"fusion-fullwidth fullwidth-box fusion-builder-row-4 hundred-percent-fullwidth non-hundred-percent-height-scrolling\" style=\"--awb-border-radius-top-left:0px;--awb-border-radius-top-right:0px;--awb-border-radius-bottom-right:0px;--awb-border-radius-bottom-left:0px;--awb-overflow:visible;--awb-margin-top:-5px;--awb-flex-wrap:wrap;\" ><div class=\"fusion-builder-row fusion-row\"><div class=\"fusion-layout-column fusion_builder_column fusion-builder-column-3 fusion_builder_column_1_1 1_1 fusion-one-full fusion-column-first fusion-column-last fusion-column-no-min-height\" style=\"--awb-bg-size:cover;--awb-margin-bottom:0px;\"><div class=\"fusion-column-wrapper fusion-flex-column-wrapper-legacy\"><div class=\"fusion-sep-clear\"><\/div><div class=\"fusion-separator fusion-full-width-sep fusion-clearfix\" style=\"float:left;width:100%;\"><\/div><div class=\"fusion-sep-clear\"><\/div><div class=\"fusion-clearfix\"><\/div><\/div><\/div><\/div><\/div><div class=\"fusion-bg-parallax\" data-bg-align=\"center center\" data-direction=\"left\" data-mute=\"false\" data-opacity=\"100\" data-velocity=\"-0.7\" data-mobile-enabled=\"false\" data-break_parents=\"0\" data-bg-image=\"https:\/\/www.hotel-lerguillere.com\/wp-content\/uploads\/2016\/12\/accueil-alentours-1.jpg\" data-bg-repeat=\"false\" ><\/div><div class=\"fusion-fullwidth fullwidth-box fusion-builder-row-5 fusion-parallax-left nonhundred-percent-fullwidth non-hundred-percent-height-scrolling pix-titres-photos-accueil\" style=\"--awb-border-color:transparent;--awb-border-radius-top-left:0px;--awb-border-radius-top-right:0px;--awb-border-radius-bottom-right:0px;--awb-border-radius-bottom-left:0px;--awb-padding-top:110px;--awb-padding-bottom:110px;--awb-background-image:url(&quot;https:\/\/www.hotel-lerguillere.com\/wp-content\/uploads\/2016\/12\/accueil-alentours-1.jpg&quot;);--awb-background-size:cover;--awb-border-sizes-top:0px;--awb-border-sizes-bottom:0px;--awb-flex-wrap:wrap;\" ><div class=\"fusion-builder-row fusion-row\"><div class=\"fusion-layout-column fusion_builder_column fusion-builder-column-4 fusion_builder_column_1_1 1_1 fusion-one-full fusion-column-first fusion-column-last fusion-column-no-min-height fusion-column-inner-bg-wrapper\" style=\"--awb-inner-bg-size:cover;--awb-margin-bottom:0px;\"><span class=\"fusion-column-inner-bg hover-type-none\"><a class=\"fusion-column-anchor\" href=\"https:\/\/www.hotel-lerguillere.com\/en\/charming-hotel-seafront-la-hague\/\"><span class=\"fusion-column-inner-bg-image\"><\/span><\/a><\/span><div class=\"fusion-column-wrapper fusion-flex-column-wrapper-legacy\"><div class=\"fusion-text fusion-text-4\"><h4>AROUND THE HOTEL<\/h4>\n<\/div><div class=\"fusion-clearfix\"><\/div><\/div><\/div><\/div><\/div><div class=\"fusion-fullwidth fullwidth-box fusion-builder-row-6 nonhundred-percent-fullwidth non-hundred-percent-height-scrolling pix-bandeauflower\" style=\"--awb-border-color:transparent;--awb-border-radius-top-left:0px;--awb-border-radius-top-right:0px;--awb-border-radius-bottom-right:0px;--awb-border-radius-bottom-left:0px;--awb-padding-top:110px;--awb-padding-bottom:110px;--awb-border-sizes-top:0px;--awb-border-sizes-bottom:0px;--awb-flex-wrap:wrap;\" ><div class=\"fusion-builder-row fusion-row\"><div class=\"fusion-layout-column fusion_builder_column fusion-builder-column-5 fusion_builder_column_1_1 1_1 fusion-one-full fusion-column-first fusion-column-last fusion-column-no-min-height\" style=\"--awb-bg-size:cover;--awb-margin-bottom:0px;\"><div class=\"fusion-column-wrapper fusion-flex-column-wrapper-legacy\"><div class=\"fusion-text fusion-text-5\"><h4><span style=\"color: #ffffff; font-size: 30px; letter-spacing: 2px; font-style: italic;\">&#8220;An enchanting break is waiting for you&#8221;<\/span><\/h4>\n<\/div><div class=\"fusion-clearfix\"><\/div><\/div><\/div><\/div><\/div><\/p>\n","protected":false},"excerpt":{"rendered":"","protected":false},"author":1,"featured_media":0,"parent":0,"menu_order":0,"comment_status":"closed","ping_status":"closed","template":"100-width.php","meta":{"footnotes":""},"class_list":["post-1246","page","type-page","status-publish","hentry"],"yoast_head":"<!-- This site is optimized with the Yoast SEO plugin v27.5 - https:\/\/yoast.com\/product\/yoast-seo-wordpress\/ -->\n<title>Hotel L&#039;Erguill\u00e8re in La Hague in the Cotentin region - 3-star charming hotel<\/title>\n<meta name=\"description\" content=\"Hotel L&#039;Erguill\u00e8re, 3-star charming hotel in the Cotentin region of Normandy, near the Cap de la Hague, Port Racine and Cherbourg. Tea Room\" \/>\n<meta name=\"robots\" content=\"index, follow, max-snippet:-1, max-image-preview:large, max-video-preview:-1\" \/>\n<link rel=\"canonical\" href=\"https:\/\/www.hotel-lerguillere.com\/en\/\" \/>\n<meta property=\"og:locale\" content=\"en_US\" \/>\n<meta property=\"og:type\" content=\"article\" \/>\n<meta property=\"og:title\" content=\"Hotel L&#039;Erguill\u00e8re in La Hague in the Cotentin region - 3-star charming hotel\" \/>\n<meta property=\"og:description\" content=\"Hotel L&#039;Erguill\u00e8re, 3-star charming hotel in the Cotentin region of Normandy, near the Cap de la Hague, Port Racine and Cherbourg. Tea Room\" \/>\n<meta property=\"og:url\" content=\"https:\/\/www.hotel-lerguillere.com\/en\/\" \/>\n<meta property=\"og:site_name\" content=\"H\u00f4tel L&#039;Erguill\u00e8re\" \/>\n<meta property=\"article:modified_time\" content=\"2017-03-15T09:36:27+00:00\" \/>\n<meta name=\"twitter:card\" content=\"summary_large_image\" \/>\n<meta name=\"twitter:label1\" content=\"Est. reading time\" \/>\n\t<meta name=\"twitter:data1\" content=\"5 minutes\" \/>\n<script type=\"application\/ld+json\" class=\"yoast-schema-graph\">{\"@context\":\"https:\\\/\\\/schema.org\",\"@graph\":[{\"@type\":\"WebPage\",\"@id\":\"https:\\\/\\\/www.hotel-lerguillere.com\\\/en\\\/\",\"url\":\"https:\\\/\\\/www.hotel-lerguillere.com\\\/en\\\/\",\"name\":\"Hotel L'Erguill\u00e8re in La Hague in the Cotentin region - 3-star charming hotel\",\"isPartOf\":{\"@id\":\"https:\\\/\\\/www.hotel-lerguillere.com\\\/#website\"},\"datePublished\":\"2017-03-14T15:23:09+00:00\",\"dateModified\":\"2017-03-15T09:36:27+00:00\",\"description\":\"Hotel L'Erguill\u00e8re, 3-star charming hotel in the Cotentin region of Normandy, near the Cap de la Hague, Port Racine and Cherbourg. Tea Room\",\"breadcrumb\":{\"@id\":\"https:\\\/\\\/www.hotel-lerguillere.com\\\/en\\\/#breadcrumb\"},\"inLanguage\":\"en-US\",\"potentialAction\":[{\"@type\":\"ReadAction\",\"target\":[\"https:\\\/\\\/www.hotel-lerguillere.com\\\/en\\\/\"]}]},{\"@type\":\"BreadcrumbList\",\"@id\":\"https:\\\/\\\/www.hotel-lerguillere.com\\\/en\\\/#breadcrumb\",\"itemListElement\":[{\"@type\":\"ListItem\",\"position\":1,\"name\":\"Accueil\",\"item\":\"https:\\\/\\\/www.hotel-lerguillere.com\\\/en\\\/\"},{\"@type\":\"ListItem\",\"position\":2,\"name\":\"L&#8217;Erguill\u00e8re &#8211; Hotel, bar, tea room in la Hague\"}]},{\"@type\":\"WebSite\",\"@id\":\"https:\\\/\\\/www.hotel-lerguillere.com\\\/#website\",\"url\":\"https:\\\/\\\/www.hotel-lerguillere.com\\\/\",\"name\":\"H\u00f4tel L&#039;Erguill\u00e8re\",\"description\":\"H\u00f4tel, Bar et Salon de th\u00e9 dans le Cotentin\",\"potentialAction\":[{\"@type\":\"SearchAction\",\"target\":{\"@type\":\"EntryPoint\",\"urlTemplate\":\"https:\\\/\\\/www.hotel-lerguillere.com\\\/?s={search_term_string}\"},\"query-input\":{\"@type\":\"PropertyValueSpecification\",\"valueRequired\":true,\"valueName\":\"search_term_string\"}}],\"inLanguage\":\"en-US\"}]}<\/script>\n<!-- \/ Yoast SEO plugin. -->","yoast_head_json":{"title":"Hotel L'Erguill\u00e8re in La Hague in the Cotentin region - 3-star charming hotel","description":"Hotel L'Erguill\u00e8re, 3-star charming hotel in the Cotentin region of Normandy, near the Cap de la Hague, Port Racine and Cherbourg. Tea Room","robots":{"index":"index","follow":"follow","max-snippet":"max-snippet:-1","max-image-preview":"max-image-preview:large","max-video-preview":"max-video-preview:-1"},"canonical":"https:\/\/www.hotel-lerguillere.com\/en\/","og_locale":"en_US","og_type":"article","og_title":"Hotel L'Erguill\u00e8re in La Hague in the Cotentin region - 3-star charming hotel","og_description":"Hotel L'Erguill\u00e8re, 3-star charming hotel in the Cotentin region of Normandy, near the Cap de la Hague, Port Racine and Cherbourg. Tea Room","og_url":"https:\/\/www.hotel-lerguillere.com\/en\/","og_site_name":"H\u00f4tel L&#039;Erguill\u00e8re","article_modified_time":"2017-03-15T09:36:27+00:00","twitter_card":"summary_large_image","twitter_misc":{"Est. reading time":"5 minutes"},"schema":{"@context":"https:\/\/schema.org","@graph":[{"@type":"WebPage","@id":"https:\/\/www.hotel-lerguillere.com\/en\/","url":"https:\/\/www.hotel-lerguillere.com\/en\/","name":"Hotel L'Erguill\u00e8re in La Hague in the Cotentin region - 3-star charming hotel","isPartOf":{"@id":"https:\/\/www.hotel-lerguillere.com\/#website"},"datePublished":"2017-03-14T15:23:09+00:00","dateModified":"2017-03-15T09:36:27+00:00","description":"Hotel L'Erguill\u00e8re, 3-star charming hotel in the Cotentin region of Normandy, near the Cap de la Hague, Port Racine and Cherbourg. Tea Room","breadcrumb":{"@id":"https:\/\/www.hotel-lerguillere.com\/en\/#breadcrumb"},"inLanguage":"en-US","potentialAction":[{"@type":"ReadAction","target":["https:\/\/www.hotel-lerguillere.com\/en\/"]}]},{"@type":"BreadcrumbList","@id":"https:\/\/www.hotel-lerguillere.com\/en\/#breadcrumb","itemListElement":[{"@type":"ListItem","position":1,"name":"Accueil","item":"https:\/\/www.hotel-lerguillere.com\/en\/"},{"@type":"ListItem","position":2,"name":"L&#8217;Erguill\u00e8re &#8211; Hotel, bar, tea room in la Hague"}]},{"@type":"WebSite","@id":"https:\/\/www.hotel-lerguillere.com\/#website","url":"https:\/\/www.hotel-lerguillere.com\/","name":"H\u00f4tel L&#039;Erguill\u00e8re","description":"H\u00f4tel, Bar et Salon de th\u00e9 dans le Cotentin","potentialAction":[{"@type":"SearchAction","target":{"@type":"EntryPoint","urlTemplate":"https:\/\/www.hotel-lerguillere.com\/?s={search_term_string}"},"query-input":{"@type":"PropertyValueSpecification","valueRequired":true,"valueName":"search_term_string"}}],"inLanguage":"en-US"}]}},"_links":{"self":[{"href":"https:\/\/www.hotel-lerguillere.com\/en\/wp-json\/wp\/v2\/pages\/1246","targetHints":{"allow":["GET"]}}],"collection":[{"href":"https:\/\/www.hotel-lerguillere.com\/en\/wp-json\/wp\/v2\/pages"}],"about":[{"href":"https:\/\/www.hotel-lerguillere.com\/en\/wp-json\/wp\/v2\/types\/page"}],"author":[{"embeddable":true,"href":"https:\/\/www.hotel-lerguillere.com\/en\/wp-json\/wp\/v2\/users\/1"}],"replies":[{"embeddable":true,"href":"https:\/\/www.hotel-lerguillere.com\/en\/wp-json\/wp\/v2\/comments?post=1246"}],"version-history":[{"count":9,"href":"https:\/\/www.hotel-lerguillere.com\/en\/wp-json\/wp\/v2\/pages\/1246\/revisions"}],"predecessor-version":[{"id":1361,"href":"https:\/\/www.hotel-lerguillere.com\/en\/wp-json\/wp\/v2\/pages\/1246\/revisions\/1361"}],"wp:attachment":[{"href":"https:\/\/www.hotel-lerguillere.com\/en\/wp-json\/wp\/v2\/media?parent=1246"}],"curies":[{"name":"wp","href":"https:\/\/api.w.org\/{rel}","templated":true}]}}